{"id":31854,"date":"2022-12-13T01:56:44","date_gmt":"2022-12-12T23:56:44","guid":{"rendered":"https:\/\/yolinae.com\/?page_id=31854"},"modified":"2024-01-18T15:47:37","modified_gmt":"2024-01-18T13:47:37","slug":"neo-family","status":"publish","type":"page","link":"https:\/\/dev.yolinae.com\/fr\/neo-family\/","title":{"rendered":"Neo Family"},"content":{"rendered":"\t\t<div data-elementor-type=\"wp-page\" data-elementor-id=\"31854\" class=\"elementor elementor-31854\" data-elementor-post-type=\"page\">\n\t\t\t\t\t\t\t\t\t<section class=\"elementor-section elementor-top-section elementor-element elementor-element-e49cd70 elementor-section-boxed elementor-section-height-default elementor-section-height-default\" data-id=\"e49cd70\" data-element_type=\"section\">\n\t\t\t\t\t\t<div class=\"elementor-container elementor-column-gap-default\">\n\t\t\t\t\t<div class=\"elementor-column elementor-col-50 elementor-top-column elementor-element elementor-element-f3c35e5\" data-id=\"f3c35e5\" data-element_type=\"column\">\n\t\t\t<div class=\"elementor-widget-wrap elementor-element-populated\">\n\t\t\t\t\t\t\t\t<div class=\"elementor-element elementor-element-2dcca90 elementor-widget elementor-widget-image\" data-id=\"2dcca90\" data-element_type=\"widget\" data-widget_type=\"image.default\">\n\t\t\t\t<div class=\"elementor-widget-container\">\n\t\t\t\t\t\t\t\t\t\t\t\t\t\t\t<img fetchpriority=\"high\" decoding=\"async\" width=\"360\" height=\"300\" src=\"https:\/\/dev.yolinae.com\/wp-content\/uploads\/2022\/12\/Frame-50.jpg\" class=\"attachment-large size-large wp-image-31857\" alt=\"\" srcset=\"https:\/\/dev.yolinae.com\/wp-content\/uploads\/2022\/12\/Frame-50.jpg 360w, https:\/\/dev.yolinae.com\/wp-content\/uploads\/2022\/12\/Frame-50-300x250.jpg 300w, https:\/\/dev.yolinae.com\/wp-content\/uploads\/2022\/12\/Frame-50-14x12.jpg 14w, https:\/\/dev.yolinae.com\/wp-content\/uploads\/2022\/12\/Frame-50-64x53.jpg 64w\" sizes=\"(max-width: 360px) 100vw, 360px\" \/>\t\t\t\t\t\t\t\t\t\t\t\t\t\t\t<\/div>\n\t\t\t\t<\/div>\n\t\t\t\t<div class=\"elementor-element elementor-element-377b186 elementor-widget elementor-widget-text-editor\" data-id=\"377b186\" data-element_type=\"widget\" data-widget_type=\"text-editor.default\">\n\t\t\t\t<div class=\"elementor-widget-container\">\n\t\t\t\t\t\t\t<p>Un lieu \u00e9tonnant et atypique ! Neo Family est un concept interg\u00e9n\u00e9rationnel, \u00e0 la fois r\u00e9el et virtuel. Son cr\u00e9ateur, St\u00e9phane Poncelet, concr\u00e9tise, par la r\u00e9alisation de ce projet original, son approche de la mode enfantine et plus pr\u00e9cis\u00e9ment du monde de l&rsquo;enfant aujourd&rsquo;hui. Neo Family, une s\u00e9lection \u00e9tudi\u00e9e de v\u00eatements de cr\u00e9ateurs consciencieux pour des consommateurs responsables qui partagent ces valeurs. <\/p>\t\t\t\t\t\t<\/div>\n\t\t\t\t<\/div>\n\t\t\t\t<div class=\"elementor-element elementor-element-72515a7 elementor-align-center elementor-widget elementor-widget-button\" data-id=\"72515a7\" data-element_type=\"widget\" data-widget_type=\"button.default\">\n\t\t\t\t<div class=\"elementor-widget-container\">\n\t\t\t\t\t<div class=\"elementor-button-wrapper\">\n\t\t\t<a class=\"elementor-button elementor-button-link elementor-size-sm\" href=\"#selections\">\n\t\t\t\t\t\t<span class=\"elementor-button-content-wrapper\">\n\t\t\t\t\t\t<span class=\"elementor-button-text\">D\u00e9couvrez les s\u00e9lections<\/span>\n\t\t<\/span>\n\t\t\t\t\t<\/a>\n\t\t<\/div>\n\t\t\t\t<\/div>\n\t\t\t\t<\/div>\n\t\t\t\t\t<\/div>\n\t\t<\/div>\n\t\t\t\t<div class=\"elementor-column elementor-col-50 elementor-top-column elementor-element elementor-element-3425e00\" data-id=\"3425e00\" data-element_type=\"column\">\n\t\t\t<div class=\"elementor-widget-wrap elementor-element-populated\">\n\t\t\t\t\t\t\t\t<div class=\"elementor-element elementor-element-893413a elementor-widget elementor-widget-image\" data-id=\"893413a\" data-element_type=\"widget\" data-widget_type=\"image.default\">\n\t\t\t\t<div class=\"elementor-widget-container\">\n\t\t\t\t\t\t\t\t\t\t\t\t\t\t\t<img decoding=\"async\" width=\"632\" height=\"370\" src=\"https:\/\/dev.yolinae.com\/wp-content\/uploads\/2022\/12\/Frame-68.jpg\" class=\"attachment-large size-large wp-image-31858\" alt=\"\" srcset=\"https:\/\/dev.yolinae.com\/wp-content\/uploads\/2022\/12\/Frame-68.jpg 632w, https:\/\/dev.yolinae.com\/wp-content\/uploads\/2022\/12\/Frame-68-300x176.jpg 300w, https:\/\/dev.yolinae.com\/wp-content\/uploads\/2022\/12\/Frame-68-18x12.jpg 18w, https:\/\/dev.yolinae.com\/wp-content\/uploads\/2022\/12\/Frame-68-600x351.jpg 600w, https:\/\/dev.yolinae.com\/wp-content\/uploads\/2022\/12\/Frame-68-64x37.jpg 64w\" sizes=\"(max-width: 632px) 100vw, 632px\" \/>\t\t\t\t\t\t\t\t\t\t\t\t\t\t\t<\/div>\n\t\t\t\t<\/div>\n\t\t\t\t\t<\/div>\n\t\t<\/div>\n\t\t\t\t\t\t\t<\/div>\n\t\t<\/section>\n\t\t\t\t<section class=\"elementor-section elementor-top-section elementor-element elementor-element-d8a53d7 elementor-hidden-desktop elementor-hidden-tablet elementor-hidden-mobile elementor-section-boxed elementor-section-height-default elementor-section-height-default\" data-id=\"d8a53d7\" data-element_type=\"section\">\n\t\t\t\t\t\t<div class=\"elementor-container elementor-column-gap-default\">\n\t\t\t\t\t<div class=\"elementor-column elementor-col-100 elementor-top-column elementor-element elementor-element-e5c58a3\" data-id=\"e5c58a3\" data-element_type=\"column\">\n\t\t\t<div class=\"elementor-widget-wrap elementor-element-populated\">\n\t\t\t\t\t\t\t\t<div class=\"elementor-element elementor-element-d626cec menu-marques elementor-widget elementor-widget-wp-widget-ocean_custom_menu\" data-id=\"d626cec\" data-element_type=\"widget\" data-widget_type=\"wp-widget-ocean_custom_menu.default\">\n\t\t\t\t<div class=\"elementor-widget-container\">\n\t\t\t<style type=\"text\/css\">.ocean_custom_menu-REPLACE_TO_ID > ul > li > a, .custom-menu-widget .ocean_custom_menu-REPLACE_TO_ID .dropdown-menu .sub-menu li a.menu-link{color:#143557;font-size:15px;line-height:25px;}.custom-menu-widget .ocean_custom_menu-REPLACE_TO_ID.oceanwp-custom-menu > ul.click-menu .open-this{color:#143557;font-size:15px;}.ocean_custom_menu-REPLACE_TO_ID > ul > li > a:hover, .custom-menu-widget .ocean_custom_menu-REPLACE_TO_ID .dropdown-menu .sub-menu li a.menu-link:hover{color:#143557;}.custom-menu-widget .ocean_custom_menu-REPLACE_TO_ID.oceanwp-custom-menu > ul.click-menu .open-this:hover{color:#143557;}<\/style><div class=\"oceanwp-custom-menu clr ocean_custom_menu-REPLACE_TO_ID left dropdown-hover\"><ul id=\"menu-menu-marques-neo-family\" class=\"dropdown-menu sf-menu\"><li  id=\"menu-item-32144\" class=\"menu-item menu-item-type-taxonomy menu-item-object-pwb-brand menu-item-32144\"><a href=\"https:\/\/dev.yolinae.com\/fr\/brands\/candylab\/\" class=\"menu-link\">CANDYLAB<\/a><\/li>\n<li  id=\"menu-item-32142\" class=\"menu-item menu-item-type-taxonomy menu-item-object-pwb-brand menu-item-32142\"><a href=\"https:\/\/dev.yolinae.com\/fr\/brands\/freedom-moses\/\" class=\"menu-link\">Freedom Moses<\/a><\/li>\n<li  id=\"menu-item-32145\" class=\"menu-item menu-item-type-taxonomy menu-item-object-pwb-brand menu-item-32145\"><a href=\"https:\/\/dev.yolinae.com\/fr\/brands\/quincy-mae\/\" class=\"menu-link\">Quincy Mae<\/a><\/li>\n<li  id=\"menu-item-32143\" class=\"menu-item menu-item-type-taxonomy menu-item-object-pwb-brand menu-item-32143\"><a href=\"https:\/\/dev.yolinae.com\/fr\/brands\/rylee-and-cru\/\" class=\"menu-link\">Rylee and Cru<\/a><\/li>\n<\/ul><\/div>\t\t<\/div>\n\t\t\t\t<\/div>\n\t\t\t\t\t<\/div>\n\t\t<\/div>\n\t\t\t\t\t\t\t<\/div>\n\t\t<\/section>\n\t\t\t\t<section class=\"elementor-section elementor-top-section elementor-element elementor-element-c91a5a2 elementor-section-boxed elementor-section-height-default elementor-section-height-default\" data-id=\"c91a5a2\" data-element_type=\"section\" id=\"selections\">\n\t\t\t\t\t\t<div class=\"elementor-container elementor-column-gap-default\">\n\t\t\t\t\t<div class=\"elementor-column elementor-col-33 elementor-top-column elementor-element elementor-element-d1428a5\" data-id=\"d1428a5\" data-element_type=\"column\" data-settings=\"{&quot;background_background&quot;:&quot;classic&quot;}\">\n\t\t\t<div class=\"elementor-widget-wrap elementor-element-populated\">\n\t\t\t\t\t<div class=\"elementor-background-overlay\"><\/div>\n\t\t\t\t\t\t\t\t<div class=\"elementor-element elementor-element-83e7fb5 elementor-align-center elementor-widget__width-inherit elementor-widget elementor-widget-button\" data-id=\"83e7fb5\" data-element_type=\"widget\" data-widget_type=\"button.default\">\n\t\t\t\t<div class=\"elementor-widget-container\">\n\t\t\t\t\t<div class=\"elementor-button-wrapper\">\n\t\t\t<a class=\"elementor-button elementor-button-link elementor-size-sm\" href=\"https:\/\/dev.yolinae.com\/fr\/brands\/candylab\/\">\n\t\t\t\t\t\t<span class=\"elementor-button-content-wrapper\">\n\t\t\t\t\t\t<span class=\"elementor-button-text\">D\u00e9couvrir la collection<\/span>\n\t\t<\/span>\n\t\t\t\t\t<\/a>\n\t\t<\/div>\n\t\t\t\t<\/div>\n\t\t\t\t<\/div>\n\t\t\t\t\t<\/div>\n\t\t<\/div>\n\t\t\t\t<div class=\"elementor-column elementor-col-33 elementor-top-column elementor-element elementor-element-0eecfc1\" data-id=\"0eecfc1\" data-element_type=\"column\" data-settings=\"{&quot;background_background&quot;:&quot;classic&quot;}\">\n\t\t\t<div class=\"elementor-widget-wrap elementor-element-populated\">\n\t\t\t\t\t<div class=\"elementor-background-overlay\"><\/div>\n\t\t\t\t\t\t\t\t<div class=\"elementor-element elementor-element-25ba98f elementor-align-center elementor-widget__width-inherit elementor-widget elementor-widget-button\" data-id=\"25ba98f\" data-element_type=\"widget\" data-widget_type=\"button.default\">\n\t\t\t\t<div class=\"elementor-widget-container\">\n\t\t\t\t\t<div class=\"elementor-button-wrapper\">\n\t\t\t<a class=\"elementor-button elementor-button-link elementor-size-sm\" href=\"https:\/\/dev.yolinae.com\/fr\/brands\/rylee-and-cru\/\">\n\t\t\t\t\t\t<span class=\"elementor-button-content-wrapper\">\n\t\t\t\t\t\t<span class=\"elementor-button-text\">D\u00e9couvrir la collection<\/span>\n\t\t<\/span>\n\t\t\t\t\t<\/a>\n\t\t<\/div>\n\t\t\t\t<\/div>\n\t\t\t\t<\/div>\n\t\t\t\t\t<\/div>\n\t\t<\/div>\n\t\t\t\t<div class=\"elementor-column elementor-col-33 elementor-top-column elementor-element elementor-element-e9a8ada\" data-id=\"e9a8ada\" data-element_type=\"column\" data-settings=\"{&quot;background_background&quot;:&quot;classic&quot;}\">\n\t\t\t<div class=\"elementor-widget-wrap elementor-element-populated\">\n\t\t\t\t\t<div class=\"elementor-background-overlay\"><\/div>\n\t\t\t\t\t\t\t\t<div class=\"elementor-element elementor-element-5726bc9 elementor-align-center elementor-widget__width-inherit elementor-widget elementor-widget-button\" data-id=\"5726bc9\" data-element_type=\"widget\" data-widget_type=\"button.default\">\n\t\t\t\t<div class=\"elementor-widget-container\">\n\t\t\t\t\t<div class=\"elementor-button-wrapper\">\n\t\t\t<a class=\"elementor-button elementor-button-link elementor-size-sm\" href=\"https:\/\/dev.yolinae.com\/fr\/brands\/freedom-moses\">\n\t\t\t\t\t\t<span class=\"elementor-button-content-wrapper\">\n\t\t\t\t\t\t<span class=\"elementor-button-text\">D\u00e9couvrir la collection<\/span>\n\t\t<\/span>\n\t\t\t\t\t<\/a>\n\t\t<\/div>\n\t\t\t\t<\/div>\n\t\t\t\t<\/div>\n\t\t\t\t\t<\/div>\n\t\t<\/div>\n\t\t\t\t\t\t\t<\/div>\n\t\t<\/section>\n\t\t\t\t<section class=\"elementor-section elementor-top-section elementor-element elementor-element-6e07451 elementor-section-boxed elementor-section-height-default elementor-section-height-default\" data-id=\"6e07451\" data-element_type=\"section\">\n\t\t\t\t\t\t<div class=\"elementor-container elementor-column-gap-default\">\n\t\t\t\t\t<div class=\"elementor-column elementor-col-33 elementor-top-column elementor-element elementor-element-eb13dc9\" data-id=\"eb13dc9\" data-element_type=\"column\" data-settings=\"{&quot;background_background&quot;:&quot;classic&quot;}\">\n\t\t\t<div class=\"elementor-widget-wrap elementor-element-populated\">\n\t\t\t\t\t<div class=\"elementor-background-overlay\"><\/div>\n\t\t\t\t\t\t\t\t<div class=\"elementor-element elementor-element-3ed41d7 elementor-align-center elementor-widget__width-inherit elementor-widget elementor-widget-button\" data-id=\"3ed41d7\" data-element_type=\"widget\" data-widget_type=\"button.default\">\n\t\t\t\t<div class=\"elementor-widget-container\">\n\t\t\t\t\t<div class=\"elementor-button-wrapper\">\n\t\t\t<a class=\"elementor-button elementor-button-link elementor-size-sm\" href=\"https:\/\/dev.yolinae.com\/fr\/brands\/quincy-mae\">\n\t\t\t\t\t\t<span class=\"elementor-button-content-wrapper\">\n\t\t\t\t\t\t<span class=\"elementor-button-text\">D\u00e9couvrir la collection<\/span>\n\t\t<\/span>\n\t\t\t\t\t<\/a>\n\t\t<\/div>\n\t\t\t\t<\/div>\n\t\t\t\t<\/div>\n\t\t\t\t\t<\/div>\n\t\t<\/div>\n\t\t\t\t<div class=\"elementor-column elementor-col-33 elementor-top-column elementor-element elementor-element-326459c\" data-id=\"326459c\" data-element_type=\"column\" data-settings=\"{&quot;background_background&quot;:&quot;classic&quot;}\">\n\t\t\t<div class=\"elementor-widget-wrap\">\n\t\t\t\t\t<div class=\"elementor-background-overlay\"><\/div>\n\t\t\t\t\t\t\t\t\t<\/div>\n\t\t<\/div>\n\t\t\t\t<div class=\"elementor-column elementor-col-33 elementor-top-column elementor-element elementor-element-1e9a43a\" data-id=\"1e9a43a\" data-element_type=\"column\" data-settings=\"{&quot;background_background&quot;:&quot;classic&quot;}\">\n\t\t\t<div class=\"elementor-widget-wrap\">\n\t\t\t\t\t<div class=\"elementor-background-overlay\"><\/div>\n\t\t\t\t\t\t\t\t\t<\/div>\n\t\t<\/div>\n\t\t\t\t\t\t\t<\/div>\n\t\t<\/section>\n\t\t\t\t\t\t\t<\/div>\n\t\t","protected":false},"excerpt":{"rendered":"<p>Un lieu \u00e9tonnant et atypique ! Neo Family est un concept interg\u00e9n\u00e9rationnel, \u00e0 la fois r\u00e9el et virtuel. Son cr\u00e9ateur, St\u00e9phane Poncelet, concr\u00e9tise, par la r\u00e9alisation de ce projet original, son approche de la mode enfantine et plus pr\u00e9cis\u00e9ment du monde de l&rsquo;enfant aujourd&rsquo;hui. Neo Family, une s\u00e9lection \u00e9tudi\u00e9e de v\u00eatements de cr\u00e9ateurs consciencieux pour [&hellip;]<\/p>\n","protected":false},"author":62,"featured_media":0,"parent":0,"menu_order":0,"comment_status":"closed","ping_status":"closed","template":"","meta":{"footnotes":""},"yoast_head":"<!-- This site is optimized with the Yoast SEO plugin v21.8 - https:\/\/yoast.com\/wordpress\/plugins\/seo\/ -->\n<title>Neo Family - Y\u00f6li Na\u00e9<\/title>\n<meta name=\"robots\" content=\"index, follow, max-snippet:-1, max-image-preview:large, max-video-preview:-1\" \/>\n<link rel=\"canonical\" href=\"https:\/\/dev.yolinae.com\/fr\/neo-family\/\" \/>\n<meta property=\"og:locale\" content=\"fr_FR\" \/>\n<meta property=\"og:type\" content=\"article\" \/>\n<meta property=\"og:title\" content=\"Neo Family - Y\u00f6li Na\u00e9\" \/>\n<meta property=\"og:description\" content=\"Un lieu \u00e9tonnant et atypique ! Neo Family est un concept interg\u00e9n\u00e9rationnel, \u00e0 la fois r\u00e9el et virtuel. Son cr\u00e9ateur, St\u00e9phane Poncelet, concr\u00e9tise, par la r\u00e9alisation de ce projet original, son approche de la mode enfantine et plus pr\u00e9cis\u00e9ment du monde de l&rsquo;enfant aujourd&rsquo;hui. Neo Family, une s\u00e9lection \u00e9tudi\u00e9e de v\u00eatements de cr\u00e9ateurs consciencieux pour [&hellip;]\" \/>\n<meta property=\"og:url\" content=\"https:\/\/dev.yolinae.com\/fr\/neo-family\/\" \/>\n<meta property=\"og:site_name\" content=\"Y\u00f6li Na\u00e9\" \/>\n<meta property=\"article:modified_time\" content=\"2024-01-18T13:47:37+00:00\" \/>\n<meta property=\"og:image\" content=\"https:\/\/dev.yolinae.com\/wp-content\/uploads\/2022\/12\/Frame-50.jpg\" \/>\n<meta name=\"twitter:card\" content=\"summary_large_image\" \/>\n<meta name=\"twitter:label1\" content=\"Dur\u00e9e de lecture estim\u00e9e\" \/>\n\t<meta name=\"twitter:data1\" content=\"1 minute\" \/>\n<script type=\"application\/ld+json\" class=\"yoast-schema-graph\">{\"@context\":\"https:\/\/schema.org\",\"@graph\":[{\"@type\":\"WebPage\",\"@id\":\"https:\/\/dev.yolinae.com\/neo-family\/\",\"url\":\"https:\/\/dev.yolinae.com\/neo-family\/\",\"name\":\"Neo Family - Y\u00f6li Na\u00e9\",\"isPartOf\":{\"@id\":\"https:\/\/dev.yolinae.com\/#website\"},\"datePublished\":\"2022-12-12T23:56:44+00:00\",\"dateModified\":\"2024-01-18T13:47:37+00:00\",\"breadcrumb\":{\"@id\":\"https:\/\/dev.yolinae.com\/neo-family\/#breadcrumb\"},\"inLanguage\":\"fr-FR\",\"potentialAction\":[{\"@type\":\"ReadAction\",\"target\":[\"https:\/\/dev.yolinae.com\/neo-family\/\"]}]},{\"@type\":\"BreadcrumbList\",\"@id\":\"https:\/\/dev.yolinae.com\/neo-family\/#breadcrumb\",\"itemListElement\":[{\"@type\":\"ListItem\",\"position\":1,\"name\":\"Home\",\"item\":\"https:\/\/dev.yolinae.com\/\"},{\"@type\":\"ListItem\",\"position\":2,\"name\":\"Neo Family\"}]},{\"@type\":\"WebSite\",\"@id\":\"https:\/\/dev.yolinae.com\/#website\",\"url\":\"https:\/\/dev.yolinae.com\/\",\"name\":\"Y\u00f6li Na\u00e9\",\"description\":\"La 1\u00e8re plateforme b2b de showroom digital des bureaux de presse \",\"publisher\":{\"@id\":\"https:\/\/dev.yolinae.com\/#organization\"},\"potentialAction\":[{\"@type\":\"SearchAction\",\"target\":{\"@type\":\"EntryPoint\",\"urlTemplate\":\"https:\/\/dev.yolinae.com\/?s={search_term_string}\"},\"query-input\":\"required name=search_term_string\"}],\"inLanguage\":\"fr-FR\"},{\"@type\":\"Organization\",\"@id\":\"https:\/\/dev.yolinae.com\/#organization\",\"name\":\"Y\u00f6li Na\u00e9\",\"url\":\"https:\/\/dev.yolinae.com\/\",\"logo\":{\"@type\":\"ImageObject\",\"inLanguage\":\"fr-FR\",\"@id\":\"https:\/\/dev.yolinae.com\/#\/schema\/logo\/image\/\",\"url\":\"https:\/\/dev.yolinae.com\/wp-content\/uploads\/2019\/08\/YN_Logos_Blanc.svg\",\"contentUrl\":\"https:\/\/dev.yolinae.com\/wp-content\/uploads\/2019\/08\/YN_Logos_Blanc.svg\",\"width\":238,\"height\":91,\"caption\":\"Y\u00f6li Na\u00e9\"},\"image\":{\"@id\":\"https:\/\/dev.yolinae.com\/#\/schema\/logo\/image\/\"}}]}<\/script>\n<!-- \/ Yoast SEO plugin. -->","yoast_head_json":{"title":"Neo Family - Y\u00f6li Na\u00e9","robots":{"index":"index","follow":"follow","max-snippet":"max-snippet:-1","max-image-preview":"max-image-preview:large","max-video-preview":"max-video-preview:-1"},"canonical":"https:\/\/dev.yolinae.com\/fr\/neo-family\/","og_locale":"fr_FR","og_type":"article","og_title":"Neo Family - Y\u00f6li Na\u00e9","og_description":"Un lieu \u00e9tonnant et atypique ! Neo Family est un concept interg\u00e9n\u00e9rationnel, \u00e0 la fois r\u00e9el et virtuel. Son cr\u00e9ateur, St\u00e9phane Poncelet, concr\u00e9tise, par la r\u00e9alisation de ce projet original, son approche de la mode enfantine et plus pr\u00e9cis\u00e9ment du monde de l&rsquo;enfant aujourd&rsquo;hui. Neo Family, une s\u00e9lection \u00e9tudi\u00e9e de v\u00eatements de cr\u00e9ateurs consciencieux pour [&hellip;]","og_url":"https:\/\/dev.yolinae.com\/fr\/neo-family\/","og_site_name":"Y\u00f6li Na\u00e9","article_modified_time":"2024-01-18T13:47:37+00:00","og_image":[{"url":"https:\/\/dev.yolinae.com\/wp-content\/uploads\/2022\/12\/Frame-50.jpg"}],"twitter_card":"summary_large_image","twitter_misc":{"Dur\u00e9e de lecture estim\u00e9e":"1 minute"},"schema":{"@context":"https:\/\/schema.org","@graph":[{"@type":"WebPage","@id":"https:\/\/dev.yolinae.com\/neo-family\/","url":"https:\/\/dev.yolinae.com\/neo-family\/","name":"Neo Family - Y\u00f6li Na\u00e9","isPartOf":{"@id":"https:\/\/dev.yolinae.com\/#website"},"datePublished":"2022-12-12T23:56:44+00:00","dateModified":"2024-01-18T13:47:37+00:00","breadcrumb":{"@id":"https:\/\/dev.yolinae.com\/neo-family\/#breadcrumb"},"inLanguage":"fr-FR","potentialAction":[{"@type":"ReadAction","target":["https:\/\/dev.yolinae.com\/neo-family\/"]}]},{"@type":"BreadcrumbList","@id":"https:\/\/dev.yolinae.com\/neo-family\/#breadcrumb","itemListElement":[{"@type":"ListItem","position":1,"name":"Home","item":"https:\/\/dev.yolinae.com\/"},{"@type":"ListItem","position":2,"name":"Neo Family"}]},{"@type":"WebSite","@id":"https:\/\/dev.yolinae.com\/#website","url":"https:\/\/dev.yolinae.com\/","name":"Y\u00f6li Na\u00e9","description":"La 1\u00e8re plateforme b2b de showroom digital des bureaux de presse ","publisher":{"@id":"https:\/\/dev.yolinae.com\/#organization"},"potentialAction":[{"@type":"SearchAction","target":{"@type":"EntryPoint","urlTemplate":"https:\/\/dev.yolinae.com\/?s={search_term_string}"},"query-input":"required name=search_term_string"}],"inLanguage":"fr-FR"},{"@type":"Organization","@id":"https:\/\/dev.yolinae.com\/#organization","name":"Y\u00f6li Na\u00e9","url":"https:\/\/dev.yolinae.com\/","logo":{"@type":"ImageObject","inLanguage":"fr-FR","@id":"https:\/\/dev.yolinae.com\/#\/schema\/logo\/image\/","url":"https:\/\/dev.yolinae.com\/wp-content\/uploads\/2019\/08\/YN_Logos_Blanc.svg","contentUrl":"https:\/\/dev.yolinae.com\/wp-content\/uploads\/2019\/08\/YN_Logos_Blanc.svg","width":238,"height":91,"caption":"Y\u00f6li Na\u00e9"},"image":{"@id":"https:\/\/dev.yolinae.com\/#\/schema\/logo\/image\/"}}]}},"_links":{"self":[{"href":"https:\/\/dev.yolinae.com\/fr\/wp-json\/wp\/v2\/pages\/31854"}],"collection":[{"href":"https:\/\/dev.yolinae.com\/fr\/wp-json\/wp\/v2\/pages"}],"about":[{"href":"https:\/\/dev.yolinae.com\/fr\/wp-json\/wp\/v2\/types\/page"}],"author":[{"embeddable":true,"href":"https:\/\/dev.yolinae.com\/fr\/wp-json\/wp\/v2\/users\/62"}],"replies":[{"embeddable":true,"href":"https:\/\/dev.yolinae.com\/fr\/wp-json\/wp\/v2\/comments?post=31854"}],"version-history":[{"count":70,"href":"https:\/\/dev.yolinae.com\/fr\/wp-json\/wp\/v2\/pages\/31854\/revisions"}],"predecessor-version":[{"id":35618,"href":"https:\/\/dev.yolinae.com\/fr\/wp-json\/wp\/v2\/pages\/31854\/revisions\/35618"}],"wp:attachment":[{"href":"https:\/\/dev.yolinae.com\/fr\/wp-json\/wp\/v2\/media?parent=31854"}],"curies":[{"name":"wp","href":"https:\/\/api.w.org\/{rel}","templated":true}]}}