{"id":35263,"date":"2023-12-04T17:22:05","date_gmt":"2023-12-04T15:22:05","guid":{"rendered":"https:\/\/dev.yolinae.com\/?page_id=35263"},"modified":"2024-02-07T12:15:44","modified_gmt":"2024-02-07T10:15:44","slug":"showroom-public","status":"publish","type":"page","link":"https:\/\/dev.yolinae.com\/fr\/showroom-public\/","title":{"rendered":"Showroom public"},"content":{"rendered":"\t\t<div data-elementor-type=\"wp-page\" data-elementor-id=\"35263\" class=\"elementor elementor-35263\" data-elementor-post-type=\"page\">\n\t\t\t\t\t\t\t\t\t<section class=\"elementor-section elementor-top-section elementor-element elementor-element-f71f485 elementor-section-full_width elementor-section-height-default elementor-section-height-default\" data-id=\"f71f485\" data-element_type=\"section\" data-settings=\"{&quot;background_background&quot;:&quot;classic&quot;}\">\n\t\t\t\t\t\t<div class=\"elementor-container elementor-column-gap-default\">\n\t\t\t\t\t<div class=\"elementor-column elementor-col-100 elementor-top-column elementor-element elementor-element-794b03e\" data-id=\"794b03e\" data-element_type=\"column\">\n\t\t\t<div class=\"elementor-widget-wrap elementor-element-populated\">\n\t\t\t\t\t\t\t\t<section class=\"elementor-section elementor-inner-section elementor-element elementor-element-3f0be0c elementor-section-boxed elementor-section-height-default elementor-section-height-default\" data-id=\"3f0be0c\" data-element_type=\"section\" data-settings=\"{&quot;background_background&quot;:&quot;classic&quot;}\">\n\t\t\t\t\t\t<div class=\"elementor-container elementor-column-gap-default\">\n\t\t\t\t\t<div class=\"elementor-column elementor-col-50 elementor-inner-column elementor-element elementor-element-89e6a12\" data-id=\"89e6a12\" data-element_type=\"column\">\n\t\t\t<div class=\"elementor-widget-wrap elementor-element-populated\">\n\t\t\t\t\t\t\t\t<div class=\"elementor-element elementor-element-4111248 elementor-widget elementor-widget-image\" data-id=\"4111248\" data-element_type=\"widget\" data-widget_type=\"image.default\">\n\t\t\t\t<div class=\"elementor-widget-container\">\n\t\t\t\t\t\t\t\t\t\t\t\t\t\t\t<img fetchpriority=\"high\" decoding=\"async\" width=\"500\" height=\"302\" src=\"https:\/\/dev.yolinae.com\/wp-content\/uploads\/2024\/02\/YN_LOGOED_BP.png\" class=\"attachment-large size-large wp-image-35719\" alt=\"\" srcset=\"https:\/\/dev.yolinae.com\/wp-content\/uploads\/2024\/02\/YN_LOGOED_BP.png 500w, https:\/\/dev.yolinae.com\/wp-content\/uploads\/2024\/02\/YN_LOGOED_BP-300x181.png 300w, https:\/\/dev.yolinae.com\/wp-content\/uploads\/2024\/02\/YN_LOGOED_BP-18x12.png 18w, https:\/\/dev.yolinae.com\/wp-content\/uploads\/2024\/02\/YN_LOGOED_BP-64x39.png 64w\" sizes=\"(max-width: 500px) 100vw, 500px\" \/>\t\t\t\t\t\t\t\t\t\t\t\t\t\t\t<\/div>\n\t\t\t\t<\/div>\n\t\t\t\t<div class=\"elementor-element elementor-element-49c629d elementor-widget elementor-widget-text-editor\" data-id=\"49c629d\" data-element_type=\"widget\" data-widget_type=\"text-editor.default\">\n\t\t\t\t<div class=\"elementor-widget-container\">\n\t\t\t\t\t\t\tUne agence de relations presse d\u00e9di\u00e9e \u00e0 l\u2019univers de la mode adulte, enfant, b\u00e9b\u00e9 mais aussi de la d\u00e9coration et de la joaillerie. Buro presse a \u00e9t\u00e9 cr\u00e9e il y a 10 ans par Brune Lamour et se trouve au coeur du 3\u00e8me arrondissement de Paris. Cr\u00e9ative, \u00e0 l\u2019\u00e9coute et consciencieuse, notre \u00e9quipe accompagne les plus grandes marques mais aussi les jeunes cr\u00e9ateurs et sait s\u2019adapter. Nous trouvons pour vous des solutions RP et digitales en respectant votre image de marque dans le but de d\u00e9velopper votre visibilit\u00e9 et notori\u00e9t\u00e9. Notre agence propose \u00e9galement une branche production pour la r\u00e9alisation de vos shooting et votre strat\u00e9gie d\u2019image.\t\t\t\t\t\t<\/div>\n\t\t\t\t<\/div>\n\t\t\t\t<div class=\"elementor-element elementor-element-9cbd6f1 elementor-align-center elementor-widget elementor-widget-button\" data-id=\"9cbd6f1\" data-element_type=\"widget\" data-widget_type=\"button.default\">\n\t\t\t\t<div class=\"elementor-widget-container\">\n\t\t\t\t\t<div class=\"elementor-button-wrapper\">\n\t\t\t<a class=\"elementor-button elementor-button-link elementor-size-sm\" href=\"#elementor-action%3Aaction%3Dpopup%3Aopen%26settings%3DeyJpZCI6IjE3ODciLCJ0b2dnbGUiOmZhbHNlfQ%3D%3D\">\n\t\t\t\t\t\t<span class=\"elementor-button-content-wrapper\">\n\t\t\t\t\t\t<span class=\"elementor-button-text\">DEMANDEZ L\u2019ACCES<\/span>\n\t\t<\/span>\n\t\t\t\t\t<\/a>\n\t\t<\/div>\n\t\t\t\t<\/div>\n\t\t\t\t<\/div>\n\t\t\t\t\t<\/div>\n\t\t<\/div>\n\t\t\t\t<div class=\"elementor-column elementor-col-50 elementor-inner-column elementor-element elementor-element-29e4543\" data-id=\"29e4543\" data-element_type=\"column\">\n\t\t\t<div class=\"elementor-widget-wrap elementor-element-populated\">\n\t\t\t\t\t\t\t\t<div class=\"elementor-element elementor-element-a28daec elementor-widget elementor-widget-image\" data-id=\"a28daec\" data-element_type=\"widget\" data-widget_type=\"image.default\">\n\t\t\t\t<div class=\"elementor-widget-container\">\n\t\t\t\t\t\t\t\t\t\t\t\t\t\t\t<img decoding=\"async\" width=\"1024\" height=\"679\" src=\"https:\/\/dev.yolinae.com\/wp-content\/uploads\/2024\/01\/C500E97A-4567-4F74-BFAD-BE7E2E7BD2C4-copie-1024x679.jpg\" class=\"attachment-large size-large wp-image-35602\" alt=\"\" srcset=\"https:\/\/dev.yolinae.com\/wp-content\/uploads\/2024\/01\/C500E97A-4567-4F74-BFAD-BE7E2E7BD2C4-copie-1024x679.jpg 1024w, https:\/\/dev.yolinae.com\/wp-content\/uploads\/2024\/01\/C500E97A-4567-4F74-BFAD-BE7E2E7BD2C4-copie-300x199.jpg 300w, https:\/\/dev.yolinae.com\/wp-content\/uploads\/2024\/01\/C500E97A-4567-4F74-BFAD-BE7E2E7BD2C4-copie-768x510.jpg 768w, https:\/\/dev.yolinae.com\/wp-content\/uploads\/2024\/01\/C500E97A-4567-4F74-BFAD-BE7E2E7BD2C4-copie-18x12.jpg 18w, https:\/\/dev.yolinae.com\/wp-content\/uploads\/2024\/01\/C500E97A-4567-4F74-BFAD-BE7E2E7BD2C4-copie-600x398.jpg 600w, https:\/\/dev.yolinae.com\/wp-content\/uploads\/2024\/01\/C500E97A-4567-4F74-BFAD-BE7E2E7BD2C4-copie-64x42.jpg 64w, https:\/\/dev.yolinae.com\/wp-content\/uploads\/2024\/01\/C500E97A-4567-4F74-BFAD-BE7E2E7BD2C4-copie.jpg 1242w\" sizes=\"(max-width: 1024px) 100vw, 1024px\" \/>\t\t\t\t\t\t\t\t\t\t\t\t\t\t\t<\/div>\n\t\t\t\t<\/div>\n\t\t\t\t\t<\/div>\n\t\t<\/div>\n\t\t\t\t\t\t\t<\/div>\n\t\t<\/section>\n\t\t\t\t\t<\/div>\n\t\t<\/div>\n\t\t\t\t\t\t\t<\/div>\n\t\t<\/section>\n\t\t\t\t<section class=\"elementor-section elementor-top-section elementor-element elementor-element-9f962b7 elementor-section-boxed elementor-section-height-default elementor-section-height-default\" data-id=\"9f962b7\" data-element_type=\"section\" data-settings=\"{&quot;background_background&quot;:&quot;classic&quot;}\">\n\t\t\t\t\t\t<div class=\"elementor-container elementor-column-gap-default\">\n\t\t\t\t\t<div class=\"elementor-column elementor-col-100 elementor-top-column elementor-element elementor-element-5bff766\" data-id=\"5bff766\" data-element_type=\"column\">\n\t\t\t<div class=\"elementor-widget-wrap elementor-element-populated\">\n\t\t\t\t\t\t\t\t<div class=\"elementor-element elementor-element-71c5435 elementor-widget elementor-widget-heading\" data-id=\"71c5435\" data-element_type=\"widget\" data-widget_type=\"heading.default\">\n\t\t\t\t<div class=\"elementor-widget-container\">\n\t\t\t<h2 class=\"elementor-heading-title elementor-size-default\">NOS MARQUES<\/h2>\t\t<\/div>\n\t\t\t\t<\/div>\n\t\t\t\t<section class=\"elementor-section elementor-inner-section elementor-element elementor-element-c886b1f elementor-section-boxed elementor-section-height-default elementor-section-height-default\" data-id=\"c886b1f\" data-element_type=\"section\">\n\t\t\t\t\t\t<div class=\"elementor-container elementor-column-gap-default\">\n\t\t\t\t\t<div class=\"elementor-column elementor-col-25 elementor-inner-column elementor-element elementor-element-9190c46\" data-id=\"9190c46\" data-element_type=\"column\">\n\t\t\t<div class=\"elementor-widget-wrap elementor-element-populated\">\n\t\t\t\t\t\t\t\t<div class=\"elementor-element elementor-element-7f8bef8 elementor-widget elementor-widget-text-editor\" data-id=\"7f8bef8\" data-element_type=\"widget\" data-widget_type=\"text-editor.default\">\n\t\t\t\t<div class=\"elementor-widget-container\">\n\t\t\t\t\t\t\t<p><strong><a href=\"https:\/\/dev.yolinae.com\/fr\/neo-family\/\">Marques 1<\/a><\/strong><br \/><a href=\"https:\/\/dev.yolinae.com\/fr\/brands\/hello-simone\"><strong>Marques 2<\/strong><\/a><br \/><strong><a href=\"https:\/\/dev.yolinae.com\/fr\/brands\/louislouise\/\">Marques 3<\/a><\/strong><br \/><a href=\"https:\/\/dev.yolinae.com\/fr\/brands\/cera-una-volta\/\"><strong>Marques 4<\/strong><\/a><\/p>\t\t\t\t\t\t<\/div>\n\t\t\t\t<\/div>\n\t\t\t\t\t<\/div>\n\t\t<\/div>\n\t\t\t\t<div class=\"elementor-column elementor-col-25 elementor-inner-column elementor-element elementor-element-1c064f3\" data-id=\"1c064f3\" data-element_type=\"column\">\n\t\t\t<div class=\"elementor-widget-wrap elementor-element-populated\">\n\t\t\t\t\t\t\t\t<div class=\"elementor-element elementor-element-e89a6da elementor-widget elementor-widget-text-editor\" data-id=\"e89a6da\" data-element_type=\"widget\" data-widget_type=\"text-editor.default\">\n\t\t\t\t<div class=\"elementor-widget-container\">\n\t\t\t\t\t\t\t<p>Marques 1<br \/>Marques 2<br \/>Marques 3<br \/>Marques 4<\/p>\t\t\t\t\t\t<\/div>\n\t\t\t\t<\/div>\n\t\t\t\t\t<\/div>\n\t\t<\/div>\n\t\t\t\t<div class=\"elementor-column elementor-col-25 elementor-inner-column elementor-element elementor-element-ba2cba0\" data-id=\"ba2cba0\" data-element_type=\"column\">\n\t\t\t<div class=\"elementor-widget-wrap elementor-element-populated\">\n\t\t\t\t\t\t\t\t<div class=\"elementor-element elementor-element-a16678f elementor-widget elementor-widget-text-editor\" data-id=\"a16678f\" data-element_type=\"widget\" data-widget_type=\"text-editor.default\">\n\t\t\t\t<div class=\"elementor-widget-container\">\n\t\t\t\t\t\t\t<p>Marques 1<br \/>Marques 2<br \/>Marques 3<br \/>Marques 4<\/p>\t\t\t\t\t\t<\/div>\n\t\t\t\t<\/div>\n\t\t\t\t\t<\/div>\n\t\t<\/div>\n\t\t\t\t<div class=\"elementor-column elementor-col-25 elementor-inner-column elementor-element elementor-element-fe8bc3d\" data-id=\"fe8bc3d\" data-element_type=\"column\">\n\t\t\t<div class=\"elementor-widget-wrap elementor-element-populated\">\n\t\t\t\t\t\t\t\t<div class=\"elementor-element elementor-element-dfe7223 elementor-widget elementor-widget-text-editor\" data-id=\"dfe7223\" data-element_type=\"widget\" data-widget_type=\"text-editor.default\">\n\t\t\t\t<div class=\"elementor-widget-container\">\n\t\t\t\t\t\t\t<p>Marques 1<br \/>Marques 2<br \/>Marques 3<br \/>Marques 4<\/p>\t\t\t\t\t\t<\/div>\n\t\t\t\t<\/div>\n\t\t\t\t\t<\/div>\n\t\t<\/div>\n\t\t\t\t\t\t\t<\/div>\n\t\t<\/section>\n\t\t\t\t\t<\/div>\n\t\t<\/div>\n\t\t\t\t\t\t\t<\/div>\n\t\t<\/section>\n\t\t\t\t\t\t\t<\/div>\n\t\t","protected":false},"excerpt":{"rendered":"<p>Une agence de relations presse d\u00e9di\u00e9e \u00e0 l\u2019univers de la mode adulte, enfant, b\u00e9b\u00e9 mais aussi de la d\u00e9coration et de la joaillerie. Buro presse a \u00e9t\u00e9 cr\u00e9e il y a 10 ans par Brune Lamour et se trouve au coeur du 3\u00e8me arrondissement de Paris. Cr\u00e9ative, \u00e0 l\u2019\u00e9coute et consciencieuse, notre \u00e9quipe accompagne les [&hellip;]<\/p>\n","protected":false},"author":62,"featured_media":0,"parent":0,"menu_order":0,"comment_status":"closed","ping_status":"closed","template":"elementor_header_footer","meta":{"footnotes":""},"yoast_head":"<!-- This site is optimized with the Yoast SEO plugin v21.8 - https:\/\/yoast.com\/wordpress\/plugins\/seo\/ -->\n<title>Showroom public - Y\u00f6li Na\u00e9<\/title>\n<meta name=\"robots\" content=\"index, follow, max-snippet:-1, max-image-preview:large, max-video-preview:-1\" \/>\n<link rel=\"canonical\" href=\"https:\/\/dev.yolinae.com\/fr\/showroom-public\/\" \/>\n<meta property=\"og:locale\" content=\"fr_FR\" \/>\n<meta property=\"og:type\" content=\"article\" \/>\n<meta property=\"og:title\" content=\"Showroom public - Y\u00f6li Na\u00e9\" \/>\n<meta property=\"og:description\" content=\"Une agence de relations presse d\u00e9di\u00e9e \u00e0 l\u2019univers de la mode adulte, enfant, b\u00e9b\u00e9 mais aussi de la d\u00e9coration et de la joaillerie. Buro presse a \u00e9t\u00e9 cr\u00e9e il y a 10 ans par Brune Lamour et se trouve au coeur du 3\u00e8me arrondissement de Paris. Cr\u00e9ative, \u00e0 l\u2019\u00e9coute et consciencieuse, notre \u00e9quipe accompagne les [&hellip;]\" \/>\n<meta property=\"og:url\" content=\"https:\/\/dev.yolinae.com\/fr\/showroom-public\/\" \/>\n<meta property=\"og:site_name\" content=\"Y\u00f6li Na\u00e9\" \/>\n<meta property=\"article:modified_time\" content=\"2024-02-07T10:15:44+00:00\" \/>\n<meta property=\"og:image\" content=\"https:\/\/dev.yolinae.com\/wp-content\/uploads\/2024\/02\/YN_LOGOED_BP.png\" \/>\n<meta name=\"twitter:card\" content=\"summary_large_image\" \/>\n<meta name=\"twitter:label1\" content=\"Dur\u00e9e de lecture estim\u00e9e\" \/>\n\t<meta name=\"twitter:data1\" content=\"2 minutes\" \/>\n<script type=\"application\/ld+json\" class=\"yoast-schema-graph\">{\"@context\":\"https:\/\/schema.org\",\"@graph\":[{\"@type\":\"WebPage\",\"@id\":\"https:\/\/dev.yolinae.com\/showroom-public\/\",\"url\":\"https:\/\/dev.yolinae.com\/showroom-public\/\",\"name\":\"Showroom public - Y\u00f6li Na\u00e9\",\"isPartOf\":{\"@id\":\"https:\/\/dev.yolinae.com\/#website\"},\"datePublished\":\"2023-12-04T15:22:05+00:00\",\"dateModified\":\"2024-02-07T10:15:44+00:00\",\"breadcrumb\":{\"@id\":\"https:\/\/dev.yolinae.com\/showroom-public\/#breadcrumb\"},\"inLanguage\":\"fr-FR\",\"potentialAction\":[{\"@type\":\"ReadAction\",\"target\":[\"https:\/\/dev.yolinae.com\/showroom-public\/\"]}]},{\"@type\":\"BreadcrumbList\",\"@id\":\"https:\/\/dev.yolinae.com\/showroom-public\/#breadcrumb\",\"itemListElement\":[{\"@type\":\"ListItem\",\"position\":1,\"name\":\"Home\",\"item\":\"https:\/\/dev.yolinae.com\/\"},{\"@type\":\"ListItem\",\"position\":2,\"name\":\"Showroom public\"}]},{\"@type\":\"WebSite\",\"@id\":\"https:\/\/dev.yolinae.com\/#website\",\"url\":\"https:\/\/dev.yolinae.com\/\",\"name\":\"Y\u00f6li Na\u00e9\",\"description\":\"La 1\u00e8re plateforme b2b de showroom digital des bureaux de presse \",\"publisher\":{\"@id\":\"https:\/\/dev.yolinae.com\/#organization\"},\"potentialAction\":[{\"@type\":\"SearchAction\",\"target\":{\"@type\":\"EntryPoint\",\"urlTemplate\":\"https:\/\/dev.yolinae.com\/?s={search_term_string}\"},\"query-input\":\"required name=search_term_string\"}],\"inLanguage\":\"fr-FR\"},{\"@type\":\"Organization\",\"@id\":\"https:\/\/dev.yolinae.com\/#organization\",\"name\":\"Y\u00f6li Na\u00e9\",\"url\":\"https:\/\/dev.yolinae.com\/\",\"logo\":{\"@type\":\"ImageObject\",\"inLanguage\":\"fr-FR\",\"@id\":\"https:\/\/dev.yolinae.com\/#\/schema\/logo\/image\/\",\"url\":\"https:\/\/dev.yolinae.com\/wp-content\/uploads\/2019\/08\/YN_Logos_Blanc.svg\",\"contentUrl\":\"https:\/\/dev.yolinae.com\/wp-content\/uploads\/2019\/08\/YN_Logos_Blanc.svg\",\"width\":238,\"height\":91,\"caption\":\"Y\u00f6li Na\u00e9\"},\"image\":{\"@id\":\"https:\/\/dev.yolinae.com\/#\/schema\/logo\/image\/\"}}]}<\/script>\n<!-- \/ Yoast SEO plugin. -->","yoast_head_json":{"title":"Showroom public - Y\u00f6li Na\u00e9","robots":{"index":"index","follow":"follow","max-snippet":"max-snippet:-1","max-image-preview":"max-image-preview:large","max-video-preview":"max-video-preview:-1"},"canonical":"https:\/\/dev.yolinae.com\/fr\/showroom-public\/","og_locale":"fr_FR","og_type":"article","og_title":"Showroom public - Y\u00f6li Na\u00e9","og_description":"Une agence de relations presse d\u00e9di\u00e9e \u00e0 l\u2019univers de la mode adulte, enfant, b\u00e9b\u00e9 mais aussi de la d\u00e9coration et de la joaillerie. Buro presse a \u00e9t\u00e9 cr\u00e9e il y a 10 ans par Brune Lamour et se trouve au coeur du 3\u00e8me arrondissement de Paris. Cr\u00e9ative, \u00e0 l\u2019\u00e9coute et consciencieuse, notre \u00e9quipe accompagne les [&hellip;]","og_url":"https:\/\/dev.yolinae.com\/fr\/showroom-public\/","og_site_name":"Y\u00f6li Na\u00e9","article_modified_time":"2024-02-07T10:15:44+00:00","og_image":[{"url":"https:\/\/dev.yolinae.com\/wp-content\/uploads\/2024\/02\/YN_LOGOED_BP.png"}],"twitter_card":"summary_large_image","twitter_misc":{"Dur\u00e9e de lecture estim\u00e9e":"2 minutes"},"schema":{"@context":"https:\/\/schema.org","@graph":[{"@type":"WebPage","@id":"https:\/\/dev.yolinae.com\/showroom-public\/","url":"https:\/\/dev.yolinae.com\/showroom-public\/","name":"Showroom public - Y\u00f6li Na\u00e9","isPartOf":{"@id":"https:\/\/dev.yolinae.com\/#website"},"datePublished":"2023-12-04T15:22:05+00:00","dateModified":"2024-02-07T10:15:44+00:00","breadcrumb":{"@id":"https:\/\/dev.yolinae.com\/showroom-public\/#breadcrumb"},"inLanguage":"fr-FR","potentialAction":[{"@type":"ReadAction","target":["https:\/\/dev.yolinae.com\/showroom-public\/"]}]},{"@type":"BreadcrumbList","@id":"https:\/\/dev.yolinae.com\/showroom-public\/#breadcrumb","itemListElement":[{"@type":"ListItem","position":1,"name":"Home","item":"https:\/\/dev.yolinae.com\/"},{"@type":"ListItem","position":2,"name":"Showroom public"}]},{"@type":"WebSite","@id":"https:\/\/dev.yolinae.com\/#website","url":"https:\/\/dev.yolinae.com\/","name":"Y\u00f6li Na\u00e9","description":"La 1\u00e8re plateforme b2b de showroom digital des bureaux de presse ","publisher":{"@id":"https:\/\/dev.yolinae.com\/#organization"},"potentialAction":[{"@type":"SearchAction","target":{"@type":"EntryPoint","urlTemplate":"https:\/\/dev.yolinae.com\/?s={search_term_string}"},"query-input":"required name=search_term_string"}],"inLanguage":"fr-FR"},{"@type":"Organization","@id":"https:\/\/dev.yolinae.com\/#organization","name":"Y\u00f6li Na\u00e9","url":"https:\/\/dev.yolinae.com\/","logo":{"@type":"ImageObject","inLanguage":"fr-FR","@id":"https:\/\/dev.yolinae.com\/#\/schema\/logo\/image\/","url":"https:\/\/dev.yolinae.com\/wp-content\/uploads\/2019\/08\/YN_Logos_Blanc.svg","contentUrl":"https:\/\/dev.yolinae.com\/wp-content\/uploads\/2019\/08\/YN_Logos_Blanc.svg","width":238,"height":91,"caption":"Y\u00f6li Na\u00e9"},"image":{"@id":"https:\/\/dev.yolinae.com\/#\/schema\/logo\/image\/"}}]}},"_links":{"self":[{"href":"https:\/\/dev.yolinae.com\/fr\/wp-json\/wp\/v2\/pages\/35263"}],"collection":[{"href":"https:\/\/dev.yolinae.com\/fr\/wp-json\/wp\/v2\/pages"}],"about":[{"href":"https:\/\/dev.yolinae.com\/fr\/wp-json\/wp\/v2\/types\/page"}],"author":[{"embeddable":true,"href":"https:\/\/dev.yolinae.com\/fr\/wp-json\/wp\/v2\/users\/62"}],"replies":[{"embeddable":true,"href":"https:\/\/dev.yolinae.com\/fr\/wp-json\/wp\/v2\/comments?post=35263"}],"version-history":[{"count":52,"href":"https:\/\/dev.yolinae.com\/fr\/wp-json\/wp\/v2\/pages\/35263\/revisions"}],"predecessor-version":[{"id":35854,"href":"https:\/\/dev.yolinae.com\/fr\/wp-json\/wp\/v2\/pages\/35263\/revisions\/35854"}],"wp:attachment":[{"href":"https:\/\/dev.yolinae.com\/fr\/wp-json\/wp\/v2\/media?parent=35263"}],"curies":[{"name":"wp","href":"https:\/\/api.w.org\/{rel}","templated":true}]}}