{"id":35425,"date":"2024-01-10T22:32:30","date_gmt":"2024-01-10T20:32:30","guid":{"rendered":"https:\/\/dev.yolinae.com\/?page_id=35425"},"modified":"2024-01-31T16:03:57","modified_gmt":"2024-01-31T14:03:57","slug":"showroom-en-ligne-btob","status":"publish","type":"page","link":"https:\/\/dev.yolinae.com\/fr\/showroom-en-ligne-btob\/","title":{"rendered":"Showroom\u2028en ligne BtoB"},"content":{"rendered":"\t\t<div data-elementor-type=\"wp-page\" data-elementor-id=\"35425\" class=\"elementor elementor-35425\" data-elementor-post-type=\"page\">\n\t\t\t\t\t\t\t\t\t<section class=\"elementor-section elementor-top-section elementor-element elementor-element-58a9266 elementor-hidden-phone elementor-section-full_width elementor-section-height-default elementor-section-height-default elementor-invisible\" data-id=\"58a9266\" data-element_type=\"section\" data-settings=\"{&quot;animation&quot;:&quot;fadeIn&quot;,&quot;background_background&quot;:&quot;classic&quot;}\">\n\t\t\t\t\t\t<div class=\"elementor-container elementor-column-gap-default\">\n\t\t\t\t\t<div class=\"elementor-column elementor-col-100 elementor-top-column elementor-element elementor-element-3785c78\" data-id=\"3785c78\" data-element_type=\"column\">\n\t\t\t<div class=\"elementor-widget-wrap elementor-element-populated\">\n\t\t\t\t\t\t\t\t<section class=\"elementor-section elementor-inner-section elementor-element elementor-element-adc81de elementor-section-boxed elementor-section-height-default elementor-section-height-default\" data-id=\"adc81de\" data-element_type=\"section\">\n\t\t\t\t\t\t<div class=\"elementor-container elementor-column-gap-default\">\n\t\t\t\t\t<div class=\"elementor-column elementor-col-66 elementor-inner-column elementor-element elementor-element-7aef204\" data-id=\"7aef204\" data-element_type=\"column\">\n\t\t\t<div class=\"elementor-widget-wrap elementor-element-populated\">\n\t\t\t\t\t\t\t\t<div class=\"elementor-element elementor-element-16ddc9a6 elementor-widget elementor-widget-heading\" data-id=\"16ddc9a6\" data-element_type=\"widget\" data-widget_type=\"heading.default\">\n\t\t\t\t<div class=\"elementor-widget-container\">\n\t\t\t<h1 class=\"elementor-heading-title elementor-size-default\">Showroom\u2028<br>en ligne BtoB<\/h1>\t\t<\/div>\n\t\t\t\t<\/div>\n\t\t\t\t<div class=\"elementor-element elementor-element-f95a688 elementor-widget elementor-widget-heading\" data-id=\"f95a688\" data-element_type=\"widget\" data-widget_type=\"heading.default\">\n\t\t\t\t<div class=\"elementor-widget-container\">\n\t\t\t<h1 class=\"elementor-heading-title elementor-size-default\">Une alternative pour optimiser les collaborations \u00e0 distance<\/h1>\t\t<\/div>\n\t\t\t\t<\/div>\n\t\t\t\t\t<\/div>\n\t\t<\/div>\n\t\t\t\t<div class=\"elementor-column elementor-col-33 elementor-inner-column elementor-element elementor-element-fe53e90\" data-id=\"fe53e90\" data-element_type=\"column\">\n\t\t\t<div class=\"elementor-widget-wrap\">\n\t\t\t\t\t\t\t\t\t<\/div>\n\t\t<\/div>\n\t\t\t\t\t\t\t<\/div>\n\t\t<\/section>\n\t\t\t\t\t<\/div>\n\t\t<\/div>\n\t\t\t\t\t\t\t<\/div>\n\t\t<\/section>\n\t\t\t\t<section class=\"elementor-section elementor-top-section elementor-element elementor-element-9ebb94b elementor-section-content-top elementor-section-boxed elementor-section-height-default elementor-section-height-default\" data-id=\"9ebb94b\" data-element_type=\"section\">\n\t\t\t\t\t\t<div class=\"elementor-container elementor-column-gap-custom\">\n\t\t\t\t\t<div class=\"elementor-column elementor-col-50 elementor-top-column elementor-element elementor-element-527ba60\" data-id=\"527ba60\" data-element_type=\"column\" data-settings=\"{&quot;background_background&quot;:&quot;classic&quot;}\">\n\t\t\t<div class=\"elementor-widget-wrap elementor-element-populated\">\n\t\t\t\t\t\t\t\t<div class=\"elementor-element elementor-element-efdbe44 elementor-widget elementor-widget-text-editor\" data-id=\"efdbe44\" data-element_type=\"widget\" data-widget_type=\"text-editor.default\">\n\t\t\t\t<div class=\"elementor-widget-container\">\n\t\t\t\t\t\t\t<p>Agences: Facilitez vos process, Simplifiez vos collaborations: une solution partenaire pour une coordination simplifi\u00e9e<\/p>\t\t\t\t\t\t<\/div>\n\t\t\t\t<\/div>\n\t\t\t\t<div class=\"elementor-element elementor-element-fa109a8 elementor-widget elementor-widget-text-editor\" data-id=\"fa109a8\" data-element_type=\"widget\" data-widget_type=\"text-editor.default\">\n\t\t\t\t<div class=\"elementor-widget-container\">\n\t\t\t\t\t\t\t<p>Y\u00f6li Na\u00e9 propose des versions num\u00e9riques innovantes et compl\u00e9mentaire aux showroom physiques. Notre solution offre aux agences de presse une coordination efficace, id\u00e9ale pour les collaborations \u00e0 distance avec stylistes et journalistes. Le showroom digital permet un suivi en temps r\u00e9el de l&rsquo;int\u00e9r\u00eat des m\u00e9dias, offrant des statistiques pour ajuster la couverture m\u00e9diatique et pr\u00e9server des relations professionnelles essentielles. Avec Y\u00f6li Tool, les agences acqui\u00e8rent un avantage concurrentiel en proposant une valeur ajout\u00e9e compl\u00e8te et des outils de qualit\u00e9 360, renfor\u00e7ant leur attrait aupr\u00e8s de nouveaux clients potentiels. Transformez votre approche avec Y\u00f6li Na\u00e9.<\/p>\t\t\t\t\t\t<\/div>\n\t\t\t\t<\/div>\n\t\t\t\t\t<\/div>\n\t\t<\/div>\n\t\t\t\t<div class=\"elementor-column elementor-col-50 elementor-top-column elementor-element elementor-element-aaba557\" data-id=\"aaba557\" data-element_type=\"column\">\n\t\t\t<div class=\"elementor-widget-wrap elementor-element-populated\">\n\t\t\t\t\t\t\t\t<div class=\"elementor-element elementor-element-ae1aa9f elementor-widget elementor-widget-image\" data-id=\"ae1aa9f\" data-element_type=\"widget\" data-widget_type=\"image.default\">\n\t\t\t\t<div class=\"elementor-widget-container\">\n\t\t\t\t\t\t\t\t\t\t\t\t\t\t\t<img fetchpriority=\"high\" decoding=\"async\" width=\"614\" height=\"618\" src=\"https:\/\/dev.yolinae.com\/wp-content\/uploads\/2024\/01\/PHOTO-YN-05.png\" class=\"attachment-large size-large wp-image-35431\" alt=\"\" srcset=\"https:\/\/dev.yolinae.com\/wp-content\/uploads\/2024\/01\/PHOTO-YN-05.png 614w, https:\/\/dev.yolinae.com\/wp-content\/uploads\/2024\/01\/PHOTO-YN-05-298x300.png 298w, https:\/\/dev.yolinae.com\/wp-content\/uploads\/2024\/01\/PHOTO-YN-05-150x150.png 150w, https:\/\/dev.yolinae.com\/wp-content\/uploads\/2024\/01\/PHOTO-YN-05-12x12.png 12w, https:\/\/dev.yolinae.com\/wp-content\/uploads\/2024\/01\/PHOTO-YN-05-600x604.png 600w, https:\/\/dev.yolinae.com\/wp-content\/uploads\/2024\/01\/PHOTO-YN-05-100x100.png 100w, https:\/\/dev.yolinae.com\/wp-content\/uploads\/2024\/01\/PHOTO-YN-05-64x64.png 64w\" sizes=\"(max-width: 614px) 100vw, 614px\" \/>\t\t\t\t\t\t\t\t\t\t\t\t\t\t\t<\/div>\n\t\t\t\t<\/div>\n\t\t\t\t\t<\/div>\n\t\t<\/div>\n\t\t\t\t\t\t\t<\/div>\n\t\t<\/section>\n\t\t\t\t<section class=\"elementor-section elementor-top-section elementor-element elementor-element-4cd70bc elementor-section-content-top elementor-section-boxed elementor-section-height-default elementor-section-height-default\" data-id=\"4cd70bc\" data-element_type=\"section\">\n\t\t\t\t\t\t<div class=\"elementor-container elementor-column-gap-custom\">\n\t\t\t\t\t<div class=\"elementor-column elementor-col-50 elementor-top-column elementor-element elementor-element-6d1217c\" data-id=\"6d1217c\" data-element_type=\"column\">\n\t\t\t<div class=\"elementor-widget-wrap elementor-element-populated\">\n\t\t\t\t\t\t\t\t<div class=\"elementor-element elementor-element-7fec10b elementor-widget elementor-widget-image\" data-id=\"7fec10b\" data-element_type=\"widget\" data-widget_type=\"image.default\">\n\t\t\t\t<div class=\"elementor-widget-container\">\n\t\t\t\t\t\t\t\t\t\t\t\t\t\t\t<img decoding=\"async\" width=\"575\" height=\"828\" src=\"https:\/\/dev.yolinae.com\/wp-content\/uploads\/2024\/01\/Plan-de-travail-3.png\" class=\"attachment-large size-large wp-image-35433\" alt=\"\" srcset=\"https:\/\/dev.yolinae.com\/wp-content\/uploads\/2024\/01\/Plan-de-travail-3.png 575w, https:\/\/dev.yolinae.com\/wp-content\/uploads\/2024\/01\/Plan-de-travail-3-208x300.png 208w, https:\/\/dev.yolinae.com\/wp-content\/uploads\/2024\/01\/Plan-de-travail-3-8x12.png 8w, https:\/\/dev.yolinae.com\/wp-content\/uploads\/2024\/01\/Plan-de-travail-3-64x92.png 64w\" sizes=\"(max-width: 575px) 100vw, 575px\" \/>\t\t\t\t\t\t\t\t\t\t\t\t\t\t\t<\/div>\n\t\t\t\t<\/div>\n\t\t\t\t\t<\/div>\n\t\t<\/div>\n\t\t\t\t<div class=\"elementor-column elementor-col-50 elementor-top-column elementor-element elementor-element-2dcea29\" data-id=\"2dcea29\" data-element_type=\"column\" data-settings=\"{&quot;background_background&quot;:&quot;classic&quot;}\">\n\t\t\t<div class=\"elementor-widget-wrap elementor-element-populated\">\n\t\t\t\t\t\t\t\t<div class=\"elementor-element elementor-element-c6a5e14 elementor-widget elementor-widget-text-editor\" data-id=\"c6a5e14\" data-element_type=\"widget\" data-widget_type=\"text-editor.default\">\n\t\t\t\t<div class=\"elementor-widget-container\">\n\t\t\t\t\t\t\t<p>M\u00e9dias : Une ressource incontournable pour journalistes et stylistes photos: l\u2019offre et les fonctionnalit\u00e9s Y\u00f6li Na\u00e9<\/p>\t\t\t\t\t\t<\/div>\n\t\t\t\t<\/div>\n\t\t\t\t<div class=\"elementor-element elementor-element-4ca9c14 elementor-widget elementor-widget-text-editor\" data-id=\"4ca9c14\" data-element_type=\"widget\" data-widget_type=\"text-editor.default\">\n\t\t\t\t<div class=\"elementor-widget-container\">\n\t\t\t\t\t\t\t<p>Y\u00f6li Na\u00e9 simplifie le shopping presse quand il doit se faire \u00e0 distance, offrant une solution centralis\u00e9e pour les stylistes photos, les r\u00e9dactions presse, et autres m\u00e9dias. Notre plateforme intuitive donne acc\u00e8s \u00e0 une vari\u00e9t\u00e9 de showrooms virtuels, simplifiant les recherches sans alt\u00e9rer les m\u00e9thodes de travail \u00e9tablies. Y\u00f6li Na\u00e9 facilite la collaboration \u00e0 distance avec les bureaux de presse gr\u00e2ce \u00e0 des fonctionnalit\u00e9s de partage et de coordination int\u00e9gr\u00e9es. D\u00e9couvrez une nouvelle approche des showrooms digitaux, con\u00e7ue sur mesure pour vos besoins professionnels. Notre vitrine expose les collections des marques, offrant des pi\u00e8ces disponibles en pr\u00eat, \u00e0 la commande, avec la possibilit\u00e9 \u00e9galement de t\u00e9l\u00e9charger les images et les documents des marques.<\/p>\t\t\t\t\t\t<\/div>\n\t\t\t\t<\/div>\n\t\t\t\t\t<\/div>\n\t\t<\/div>\n\t\t\t\t\t\t\t<\/div>\n\t\t<\/section>\n\t\t\t\t<section class=\"elementor-section elementor-top-section elementor-element elementor-element-f4b84aa elementor-section-content-top elementor-section-boxed elementor-section-height-default elementor-section-height-default\" data-id=\"f4b84aa\" data-element_type=\"section\">\n\t\t\t\t\t\t<div class=\"elementor-container elementor-column-gap-custom\">\n\t\t\t\t\t<div class=\"elementor-column elementor-col-50 elementor-top-column elementor-element elementor-element-e26da1f\" data-id=\"e26da1f\" data-element_type=\"column\" data-settings=\"{&quot;background_background&quot;:&quot;classic&quot;}\">\n\t\t\t<div class=\"elementor-widget-wrap elementor-element-populated\">\n\t\t\t\t\t\t\t\t<div class=\"elementor-element elementor-element-1271da0 elementor-widget elementor-widget-text-editor\" data-id=\"1271da0\" data-element_type=\"widget\" data-widget_type=\"text-editor.default\">\n\t\t\t\t<div class=\"elementor-widget-container\">\n\t\t\t\t\t\t\tRespect de la confidentialit\u00e9 et pr\u00e9servation de votre r\u00e9seau\t\t\t\t\t\t<\/div>\n\t\t\t\t<\/div>\n\t\t\t\t<div class=\"elementor-element elementor-element-da7d625 elementor-widget elementor-widget-text-editor\" data-id=\"da7d625\" data-element_type=\"widget\" data-widget_type=\"text-editor.default\">\n\t\t\t\t<div class=\"elementor-widget-container\">\n\t\t\t\t\t\t\t<p>Chez Y\u00f6li Na\u00e9, nous comprenons l&rsquo;importance de pr\u00e9server la confidentialit\u00e9 de son r\u00e9seaux pour les bureaux de presse. Nous avons mis en place des mesures sp\u00e9cifiques pour garantir que votre r\u00e9seau reste votre atout exclusif. Les stylistes et journalistes peuvent visualiser les noms des bureaux utilisant Y\u00f6li Na\u00e9, mais l&rsquo;acc\u00e8s aux collections n\u00e9cessite une demande d&rsquo;acc\u00e8s. Cette approche unique, avec une v\u00e9rification transparente de l&rsquo;identit\u00e9 professionnelle, donne aux bureaux de presse un contr\u00f4le total sur l&rsquo;acc\u00e8s \u00e0 leurs collections. Nous nous engageons \u00e0 prot\u00e9ger l&rsquo;int\u00e9grit\u00e9 de votre r\u00e9seau tout en offrant des opportunit\u00e9s d&rsquo;exploration professionnelle. Chez Y\u00f6li Na\u00e9, nous pr\u00e9servons ce qui fait de votre r\u00e9seau une force in\u00e9gal\u00e9e sur le march\u00e9.<\/p>\t\t\t\t\t\t<\/div>\n\t\t\t\t<\/div>\n\t\t\t\t\t<\/div>\n\t\t<\/div>\n\t\t\t\t<div class=\"elementor-column elementor-col-50 elementor-top-column elementor-element elementor-element-a77330d\" data-id=\"a77330d\" data-element_type=\"column\">\n\t\t\t<div class=\"elementor-widget-wrap elementor-element-populated\">\n\t\t\t\t\t\t\t\t<div class=\"elementor-element elementor-element-755f8e1 elementor-widget elementor-widget-image\" data-id=\"755f8e1\" data-element_type=\"widget\" data-widget_type=\"image.default\">\n\t\t\t\t<div class=\"elementor-widget-container\">\n\t\t\t\t\t\t\t\t\t\t\t\t\t\t\t<img decoding=\"async\" width=\"562\" height=\"601\" src=\"https:\/\/dev.yolinae.com\/wp-content\/uploads\/2024\/01\/Plan-de-travail-4.png\" class=\"attachment-large size-large wp-image-35434\" alt=\"\" srcset=\"https:\/\/dev.yolinae.com\/wp-content\/uploads\/2024\/01\/Plan-de-travail-4.png 562w, https:\/\/dev.yolinae.com\/wp-content\/uploads\/2024\/01\/Plan-de-travail-4-281x300.png 281w, https:\/\/dev.yolinae.com\/wp-content\/uploads\/2024\/01\/Plan-de-travail-4-11x12.png 11w, https:\/\/dev.yolinae.com\/wp-content\/uploads\/2024\/01\/Plan-de-travail-4-64x68.png 64w\" sizes=\"(max-width: 562px) 100vw, 562px\" \/>\t\t\t\t\t\t\t\t\t\t\t\t\t\t\t<\/div>\n\t\t\t\t<\/div>\n\t\t\t\t\t<\/div>\n\t\t<\/div>\n\t\t\t\t\t\t\t<\/div>\n\t\t<\/section>\n\t\t\t\t\t\t\t<\/div>\n\t\t","protected":false},"excerpt":{"rendered":"<p>Showroom\u2028en ligne BtoB Une alternative pour optimiser les collaborations \u00e0 distance Agences: Facilitez vos process, Simplifiez vos collaborations: une solution partenaire pour une coordination simplifi\u00e9e Y\u00f6li Na\u00e9 propose des versions num\u00e9riques innovantes et compl\u00e9mentaire aux showroom physiques. Notre solution offre aux agences de presse une coordination efficace, id\u00e9ale pour les collaborations \u00e0 distance avec stylistes [&hellip;]<\/p>\n","protected":false},"author":62,"featured_media":0,"parent":0,"menu_order":0,"comment_status":"closed","ping_status":"closed","template":"elementor_header_footer","meta":{"footnotes":""},"yoast_head":"<!-- This site is optimized with the Yoast SEO plugin v21.8 - https:\/\/yoast.com\/wordpress\/plugins\/seo\/ -->\n<title>Showroom\u2028en ligne BtoB - Y\u00f6li Na\u00e9<\/title>\n<meta name=\"description\" content=\"Le premier bureau de presse digital d\u00e9di\u00e9 aux professionnels de la mode enfantine\" \/>\n<meta name=\"robots\" content=\"index, follow, max-snippet:-1, max-image-preview:large, max-video-preview:-1\" \/>\n<link rel=\"canonical\" href=\"https:\/\/dev.yolinae.com\/fr\/showroom-en-ligne-btob\/\" \/>\n<meta property=\"og:locale\" content=\"fr_FR\" \/>\n<meta property=\"og:type\" content=\"article\" \/>\n<meta property=\"og:title\" content=\"Showroom\u2028en ligne BtoB - Y\u00f6li Na\u00e9\" \/>\n<meta property=\"og:description\" content=\"Le premier bureau de presse digital d\u00e9di\u00e9 aux professionnels de la mode enfantine\" \/>\n<meta property=\"og:url\" content=\"https:\/\/dev.yolinae.com\/fr\/showroom-en-ligne-btob\/\" \/>\n<meta property=\"og:site_name\" content=\"Y\u00f6li Na\u00e9\" \/>\n<meta property=\"article:modified_time\" content=\"2024-01-31T14:03:57+00:00\" \/>\n<meta property=\"og:image\" content=\"https:\/\/dev.yolinae.com\/wp-content\/uploads\/2024\/01\/PHOTO-YN-05.png\" \/>\n<meta name=\"twitter:card\" content=\"summary_large_image\" \/>\n<meta name=\"twitter:label1\" content=\"Dur\u00e9e de lecture estim\u00e9e\" \/>\n\t<meta name=\"twitter:data1\" content=\"3 minutes\" \/>\n<script type=\"application\/ld+json\" class=\"yoast-schema-graph\">{\"@context\":\"https:\/\/schema.org\",\"@graph\":[{\"@type\":\"WebPage\",\"@id\":\"https:\/\/dev.yolinae.com\/fr\/showroom-en-ligne-btob\/\",\"url\":\"https:\/\/dev.yolinae.com\/fr\/showroom-en-ligne-btob\/\",\"name\":\"Showroom\\u2028en ligne BtoB - Y\u00f6li Na\u00e9\",\"isPartOf\":{\"@id\":\"https:\/\/dev.yolinae.com\/#website\"},\"datePublished\":\"2024-01-10T20:32:30+00:00\",\"dateModified\":\"2024-01-31T14:03:57+00:00\",\"description\":\"Le premier bureau de presse digital d\u00e9di\u00e9 aux professionnels de la mode enfantine\",\"breadcrumb\":{\"@id\":\"https:\/\/dev.yolinae.com\/fr\/showroom-en-ligne-btob\/#breadcrumb\"},\"inLanguage\":\"fr-FR\",\"potentialAction\":[{\"@type\":\"ReadAction\",\"target\":[\"https:\/\/dev.yolinae.com\/fr\/showroom-en-ligne-btob\/\"]}]},{\"@type\":\"BreadcrumbList\",\"@id\":\"https:\/\/dev.yolinae.com\/fr\/showroom-en-ligne-btob\/#breadcrumb\",\"itemListElement\":[{\"@type\":\"ListItem\",\"position\":1,\"name\":\"Home\",\"item\":\"https:\/\/dev.yolinae.com\/\"},{\"@type\":\"ListItem\",\"position\":2,\"name\":\"Showroom\\u2028en ligne BtoB\"}]},{\"@type\":\"WebSite\",\"@id\":\"https:\/\/dev.yolinae.com\/#website\",\"url\":\"https:\/\/dev.yolinae.com\/\",\"name\":\"Y\u00f6li Na\u00e9\",\"description\":\"La 1\u00e8re plateforme b2b de showroom digital des bureaux de presse \",\"publisher\":{\"@id\":\"https:\/\/dev.yolinae.com\/#organization\"},\"potentialAction\":[{\"@type\":\"SearchAction\",\"target\":{\"@type\":\"EntryPoint\",\"urlTemplate\":\"https:\/\/dev.yolinae.com\/?s={search_term_string}\"},\"query-input\":\"required name=search_term_string\"}],\"inLanguage\":\"fr-FR\"},{\"@type\":\"Organization\",\"@id\":\"https:\/\/dev.yolinae.com\/#organization\",\"name\":\"Y\u00f6li Na\u00e9\",\"url\":\"https:\/\/dev.yolinae.com\/\",\"logo\":{\"@type\":\"ImageObject\",\"inLanguage\":\"fr-FR\",\"@id\":\"https:\/\/dev.yolinae.com\/#\/schema\/logo\/image\/\",\"url\":\"https:\/\/dev.yolinae.com\/wp-content\/uploads\/2019\/08\/YN_Logos_Blanc.svg\",\"contentUrl\":\"https:\/\/dev.yolinae.com\/wp-content\/uploads\/2019\/08\/YN_Logos_Blanc.svg\",\"width\":238,\"height\":91,\"caption\":\"Y\u00f6li Na\u00e9\"},\"image\":{\"@id\":\"https:\/\/dev.yolinae.com\/#\/schema\/logo\/image\/\"}}]}<\/script>\n<!-- \/ Yoast SEO plugin. -->","yoast_head_json":{"title":"Showroom\u2028en ligne BtoB - Y\u00f6li Na\u00e9","description":"Le premier bureau de presse digital d\u00e9di\u00e9 aux professionnels de la mode enfantine","robots":{"index":"index","follow":"follow","max-snippet":"max-snippet:-1","max-image-preview":"max-image-preview:large","max-video-preview":"max-video-preview:-1"},"canonical":"https:\/\/dev.yolinae.com\/fr\/showroom-en-ligne-btob\/","og_locale":"fr_FR","og_type":"article","og_title":"Showroom\u2028en ligne BtoB - Y\u00f6li Na\u00e9","og_description":"Le premier bureau de presse digital d\u00e9di\u00e9 aux professionnels de la mode enfantine","og_url":"https:\/\/dev.yolinae.com\/fr\/showroom-en-ligne-btob\/","og_site_name":"Y\u00f6li Na\u00e9","article_modified_time":"2024-01-31T14:03:57+00:00","og_image":[{"url":"https:\/\/dev.yolinae.com\/wp-content\/uploads\/2024\/01\/PHOTO-YN-05.png"}],"twitter_card":"summary_large_image","twitter_misc":{"Dur\u00e9e de lecture estim\u00e9e":"3 minutes"},"schema":{"@context":"https:\/\/schema.org","@graph":[{"@type":"WebPage","@id":"https:\/\/dev.yolinae.com\/fr\/showroom-en-ligne-btob\/","url":"https:\/\/dev.yolinae.com\/fr\/showroom-en-ligne-btob\/","name":"Showroom\u2028en ligne BtoB - Y\u00f6li Na\u00e9","isPartOf":{"@id":"https:\/\/dev.yolinae.com\/#website"},"datePublished":"2024-01-10T20:32:30+00:00","dateModified":"2024-01-31T14:03:57+00:00","description":"Le premier bureau de presse digital d\u00e9di\u00e9 aux professionnels de la mode enfantine","breadcrumb":{"@id":"https:\/\/dev.yolinae.com\/fr\/showroom-en-ligne-btob\/#breadcrumb"},"inLanguage":"fr-FR","potentialAction":[{"@type":"ReadAction","target":["https:\/\/dev.yolinae.com\/fr\/showroom-en-ligne-btob\/"]}]},{"@type":"BreadcrumbList","@id":"https:\/\/dev.yolinae.com\/fr\/showroom-en-ligne-btob\/#breadcrumb","itemListElement":[{"@type":"ListItem","position":1,"name":"Home","item":"https:\/\/dev.yolinae.com\/"},{"@type":"ListItem","position":2,"name":"Showroom\u2028en ligne BtoB"}]},{"@type":"WebSite","@id":"https:\/\/dev.yolinae.com\/#website","url":"https:\/\/dev.yolinae.com\/","name":"Y\u00f6li Na\u00e9","description":"La 1\u00e8re plateforme b2b de showroom digital des bureaux de presse ","publisher":{"@id":"https:\/\/dev.yolinae.com\/#organization"},"potentialAction":[{"@type":"SearchAction","target":{"@type":"EntryPoint","urlTemplate":"https:\/\/dev.yolinae.com\/?s={search_term_string}"},"query-input":"required name=search_term_string"}],"inLanguage":"fr-FR"},{"@type":"Organization","@id":"https:\/\/dev.yolinae.com\/#organization","name":"Y\u00f6li Na\u00e9","url":"https:\/\/dev.yolinae.com\/","logo":{"@type":"ImageObject","inLanguage":"fr-FR","@id":"https:\/\/dev.yolinae.com\/#\/schema\/logo\/image\/","url":"https:\/\/dev.yolinae.com\/wp-content\/uploads\/2019\/08\/YN_Logos_Blanc.svg","contentUrl":"https:\/\/dev.yolinae.com\/wp-content\/uploads\/2019\/08\/YN_Logos_Blanc.svg","width":238,"height":91,"caption":"Y\u00f6li Na\u00e9"},"image":{"@id":"https:\/\/dev.yolinae.com\/#\/schema\/logo\/image\/"}}]}},"_links":{"self":[{"href":"https:\/\/dev.yolinae.com\/fr\/wp-json\/wp\/v2\/pages\/35425"}],"collection":[{"href":"https:\/\/dev.yolinae.com\/fr\/wp-json\/wp\/v2\/pages"}],"about":[{"href":"https:\/\/dev.yolinae.com\/fr\/wp-json\/wp\/v2\/types\/page"}],"author":[{"embeddable":true,"href":"https:\/\/dev.yolinae.com\/fr\/wp-json\/wp\/v2\/users\/62"}],"replies":[{"embeddable":true,"href":"https:\/\/dev.yolinae.com\/fr\/wp-json\/wp\/v2\/comments?post=35425"}],"version-history":[{"count":8,"href":"https:\/\/dev.yolinae.com\/fr\/wp-json\/wp\/v2\/pages\/35425\/revisions"}],"predecessor-version":[{"id":35670,"href":"https:\/\/dev.yolinae.com\/fr\/wp-json\/wp\/v2\/pages\/35425\/revisions\/35670"}],"wp:attachment":[{"href":"https:\/\/dev.yolinae.com\/fr\/wp-json\/wp\/v2\/media?parent=35425"}],"curies":[{"name":"wp","href":"https:\/\/api.w.org\/{rel}","templated":true}]}}