{"id":35438,"date":"2024-01-10T22:47:38","date_gmt":"2024-01-10T20:47:38","guid":{"rendered":"https:\/\/dev.yolinae.com\/?page_id=35438"},"modified":"2024-01-31T16:07:36","modified_gmt":"2024-01-31T14:07:36","slug":"gestion-des-shoppings","status":"publish","type":"page","link":"https:\/\/dev.yolinae.com\/fr\/gestion-des-shoppings\/","title":{"rendered":"Gestion des shoppings"},"content":{"rendered":"\t\t<div data-elementor-type=\"wp-page\" data-elementor-id=\"35438\" class=\"elementor elementor-35438\" data-elementor-post-type=\"page\">\n\t\t\t\t\t\t\t\t\t<section class=\"elementor-section elementor-top-section elementor-element elementor-element-58a9266 elementor-hidden-phone elementor-section-full_width elementor-section-height-default elementor-section-height-default elementor-invisible\" data-id=\"58a9266\" data-element_type=\"section\" data-settings=\"{&quot;animation&quot;:&quot;fadeIn&quot;,&quot;background_background&quot;:&quot;classic&quot;}\">\n\t\t\t\t\t\t<div class=\"elementor-container elementor-column-gap-default\">\n\t\t\t\t\t<div class=\"elementor-column elementor-col-100 elementor-top-column elementor-element elementor-element-3785c78\" data-id=\"3785c78\" data-element_type=\"column\">\n\t\t\t<div class=\"elementor-widget-wrap elementor-element-populated\">\n\t\t\t\t\t\t\t\t<section class=\"elementor-section elementor-inner-section elementor-element elementor-element-adc81de elementor-section-boxed elementor-section-height-default elementor-section-height-default\" data-id=\"adc81de\" data-element_type=\"section\">\n\t\t\t\t\t\t<div class=\"elementor-container elementor-column-gap-default\">\n\t\t\t\t\t<div class=\"elementor-column elementor-col-66 elementor-inner-column elementor-element elementor-element-7aef204\" data-id=\"7aef204\" data-element_type=\"column\">\n\t\t\t<div class=\"elementor-widget-wrap elementor-element-populated\">\n\t\t\t\t\t\t\t\t<div class=\"elementor-element elementor-element-16ddc9a6 elementor-widget elementor-widget-heading\" data-id=\"16ddc9a6\" data-element_type=\"widget\" data-widget_type=\"heading.default\">\n\t\t\t\t<div class=\"elementor-widget-container\">\n\t\t\t<h1 class=\"elementor-heading-title elementor-size-default\">Gestion\u2028<br>des shoppings<\/h1>\t\t<\/div>\n\t\t\t\t<\/div>\n\t\t\t\t<div class=\"elementor-element elementor-element-f95a688 elementor-widget elementor-widget-heading\" data-id=\"f95a688\" data-element_type=\"widget\" data-widget_type=\"heading.default\">\n\t\t\t\t<div class=\"elementor-widget-container\">\n\t\t\t<h1 class=\"elementor-heading-title elementor-size-default\">Une coordination 2.0<\/h1>\t\t<\/div>\n\t\t\t\t<\/div>\n\t\t\t\t\t<\/div>\n\t\t<\/div>\n\t\t\t\t<div class=\"elementor-column elementor-col-33 elementor-inner-column elementor-element elementor-element-fe53e90\" data-id=\"fe53e90\" data-element_type=\"column\">\n\t\t\t<div class=\"elementor-widget-wrap\">\n\t\t\t\t\t\t\t\t\t<\/div>\n\t\t<\/div>\n\t\t\t\t\t\t\t<\/div>\n\t\t<\/section>\n\t\t\t\t\t<\/div>\n\t\t<\/div>\n\t\t\t\t\t\t\t<\/div>\n\t\t<\/section>\n\t\t\t\t<section class=\"elementor-section elementor-top-section elementor-element elementor-element-9ebb94b elementor-section-content-top elementor-section-boxed elementor-section-height-default elementor-section-height-default\" data-id=\"9ebb94b\" data-element_type=\"section\">\n\t\t\t\t\t\t<div class=\"elementor-container elementor-column-gap-custom\">\n\t\t\t\t\t<div class=\"elementor-column elementor-col-50 elementor-top-column elementor-element elementor-element-527ba60\" data-id=\"527ba60\" data-element_type=\"column\" data-settings=\"{&quot;background_background&quot;:&quot;classic&quot;}\">\n\t\t\t<div class=\"elementor-widget-wrap elementor-element-populated\">\n\t\t\t\t\t\t\t\t<div class=\"elementor-element elementor-element-efdbe44 elementor-widget elementor-widget-text-editor\" data-id=\"efdbe44\" data-element_type=\"widget\" data-widget_type=\"text-editor.default\">\n\t\t\t\t<div class=\"elementor-widget-container\">\n\t\t\t\t\t\t\t<p>Une coordination showroom sur mesure<\/p>\t\t\t\t\t\t<\/div>\n\t\t\t\t<\/div>\n\t\t\t\t<div class=\"elementor-element elementor-element-fa109a8 elementor-widget elementor-widget-text-editor\" data-id=\"fa109a8\" data-element_type=\"widget\" data-widget_type=\"text-editor.default\">\n\t\t\t\t<div class=\"elementor-widget-container\">\n\t\t\t\t\t\t\t<p>La mise en place de votre showroom digital sur Y\u00f6li Na\u00e9 simplifie la logistique des shoppings pour les coordinateurs de showroom physiques. Lorsqu&rsquo;une styliste commande en ligne, chaque bureau de presse re\u00e7oit un mail d\u00e9taill\u00e9 avec le num\u00e9ro de commande, les articles associ\u00e9s (photos, noms, tailles, couleurs), les infos de livraison, la date d\u2019envoi souhait\u00e9e et de retour pr\u00e9vue. \u2028Ces fiches de commande facilitent les v\u00e9rifications des retours, la gestion des pi\u00e8ces manquantes, et permettent des commentaires personnalis\u00e9s \u00ab Merci d\u2019ajouter des accessoires tels que chapeaux etc\u00bb. La commande affiche \u00e9galement la date pr\u00e9vue de parution, facilitant la veille m\u00e9dia des attach\u00e9s de presse.<\/p>\t\t\t\t\t\t<\/div>\n\t\t\t\t<\/div>\n\t\t\t\t\t<\/div>\n\t\t<\/div>\n\t\t\t\t<div class=\"elementor-column elementor-col-50 elementor-top-column elementor-element elementor-element-aaba557\" data-id=\"aaba557\" data-element_type=\"column\">\n\t\t\t<div class=\"elementor-widget-wrap elementor-element-populated\">\n\t\t\t\t\t\t\t\t<div class=\"elementor-element elementor-element-ae1aa9f elementor-widget elementor-widget-image\" data-id=\"ae1aa9f\" data-element_type=\"widget\" data-widget_type=\"image.default\">\n\t\t\t\t<div class=\"elementor-widget-container\">\n\t\t\t\t\t\t\t\t\t\t\t\t\t\t\t<img fetchpriority=\"high\" decoding=\"async\" width=\"596\" height=\"601\" src=\"https:\/\/dev.yolinae.com\/wp-content\/uploads\/2024\/01\/Plan-de-travail-5.png\" class=\"attachment-large size-large wp-image-35458\" alt=\"\" srcset=\"https:\/\/dev.yolinae.com\/wp-content\/uploads\/2024\/01\/Plan-de-travail-5.png 596w, https:\/\/dev.yolinae.com\/wp-content\/uploads\/2024\/01\/Plan-de-travail-5-298x300.png 298w, https:\/\/dev.yolinae.com\/wp-content\/uploads\/2024\/01\/Plan-de-travail-5-150x150.png 150w, https:\/\/dev.yolinae.com\/wp-content\/uploads\/2024\/01\/Plan-de-travail-5-12x12.png 12w, https:\/\/dev.yolinae.com\/wp-content\/uploads\/2024\/01\/Plan-de-travail-5-100x100.png 100w, https:\/\/dev.yolinae.com\/wp-content\/uploads\/2024\/01\/Plan-de-travail-5-64x65.png 64w\" sizes=\"(max-width: 596px) 100vw, 596px\" \/>\t\t\t\t\t\t\t\t\t\t\t\t\t\t\t<\/div>\n\t\t\t\t<\/div>\n\t\t\t\t\t<\/div>\n\t\t<\/div>\n\t\t\t\t\t\t\t<\/div>\n\t\t<\/section>\n\t\t\t\t<section class=\"elementor-section elementor-top-section elementor-element elementor-element-4cd70bc elementor-section-content-top elementor-section-boxed elementor-section-height-default elementor-section-height-default\" data-id=\"4cd70bc\" data-element_type=\"section\">\n\t\t\t\t\t\t<div class=\"elementor-container elementor-column-gap-custom\">\n\t\t\t\t\t<div class=\"elementor-column elementor-col-50 elementor-top-column elementor-element elementor-element-6d1217c\" data-id=\"6d1217c\" data-element_type=\"column\">\n\t\t\t<div class=\"elementor-widget-wrap elementor-element-populated\">\n\t\t\t\t\t\t\t\t<div class=\"elementor-element elementor-element-7fec10b elementor-widget elementor-widget-image\" data-id=\"7fec10b\" data-element_type=\"widget\" data-widget_type=\"image.default\">\n\t\t\t\t<div class=\"elementor-widget-container\">\n\t\t\t\t\t\t\t\t\t\t\t\t\t\t\t<img decoding=\"async\" width=\"600\" height=\"616\" src=\"https:\/\/dev.yolinae.com\/wp-content\/uploads\/2024\/01\/Plan-de-travail-2-copie.png\" class=\"attachment-large size-large wp-image-35459\" alt=\"\" srcset=\"https:\/\/dev.yolinae.com\/wp-content\/uploads\/2024\/01\/Plan-de-travail-2-copie.png 600w, https:\/\/dev.yolinae.com\/wp-content\/uploads\/2024\/01\/Plan-de-travail-2-copie-292x300.png 292w, https:\/\/dev.yolinae.com\/wp-content\/uploads\/2024\/01\/Plan-de-travail-2-copie-12x12.png 12w, https:\/\/dev.yolinae.com\/wp-content\/uploads\/2024\/01\/Plan-de-travail-2-copie-64x66.png 64w\" sizes=\"(max-width: 600px) 100vw, 600px\" \/>\t\t\t\t\t\t\t\t\t\t\t\t\t\t\t<\/div>\n\t\t\t\t<\/div>\n\t\t\t\t\t<\/div>\n\t\t<\/div>\n\t\t\t\t<div class=\"elementor-column elementor-col-50 elementor-top-column elementor-element elementor-element-2dcea29\" data-id=\"2dcea29\" data-element_type=\"column\" data-settings=\"{&quot;background_background&quot;:&quot;classic&quot;}\">\n\t\t\t<div class=\"elementor-widget-wrap elementor-element-populated\">\n\t\t\t\t\t\t\t\t<div class=\"elementor-element elementor-element-c6a5e14 elementor-widget elementor-widget-text-editor\" data-id=\"c6a5e14\" data-element_type=\"widget\" data-widget_type=\"text-editor.default\">\n\t\t\t\t<div class=\"elementor-widget-container\">\n\t\t\t\t\t\t\t<p>Fonctionnalit\u00e9s avanc\u00e9es<\/p>\t\t\t\t\t\t<\/div>\n\t\t\t\t<\/div>\n\t\t\t\t<div class=\"elementor-element elementor-element-4ca9c14 elementor-widget elementor-widget-text-editor\" data-id=\"4ca9c14\" data-element_type=\"widget\" data-widget_type=\"text-editor.default\">\n\t\t\t\t<div class=\"elementor-widget-container\">\n\t\t\t\t\t\t\t<p>Pour une gestion optimale, nous avons int\u00e9gr\u00e9 des fonctionnalit\u00e9s avanc\u00e9es. \u00c0 la r\u00e9ception d&rsquo;une commande, le bureau de presse peut cliquer sur \u00ab\u00a0g\u00e9n\u00e9rer bon de sortie\u00a0\u00bb, imprimant instantan\u00e9ment le document \u00e0 ajouter dans le sac shopping, \u00e9vitant ainsi toute t\u00e2che manuelle ou dissoci\u00e9e. Les attach\u00e9s de presse peuvent sugg\u00e9rer et ajouter des pi\u00e8ces aux shoppings. En utilisant l&rsquo;option \u00ab\u00a0g\u00e9n\u00e9rer bon de sortie\u00a0\u00bb, les bureaux de presse peuvent ajouter des produits \u00e0 la commande avant validation, garantissant le retrait correct des articles du stock. Cette flexibilit\u00e9 est essentielle pour satisfaire les utilisateurs et pr\u00e9server l\u2019accompagnement.<\/p>\t\t\t\t\t\t<\/div>\n\t\t\t\t<\/div>\n\t\t\t\t\t<\/div>\n\t\t<\/div>\n\t\t\t\t\t\t\t<\/div>\n\t\t<\/section>\n\t\t\t\t\t\t\t<\/div>\n\t\t","protected":false},"excerpt":{"rendered":"<p>Gestion\u2028des shoppings Une coordination 2.0 Une coordination showroom sur mesure La mise en place de votre showroom digital sur Y\u00f6li Na\u00e9 simplifie la logistique des shoppings pour les coordinateurs de showroom physiques. Lorsqu&rsquo;une styliste commande en ligne, chaque bureau de presse re\u00e7oit un mail d\u00e9taill\u00e9 avec le num\u00e9ro de commande, les articles associ\u00e9s (photos, noms, [&hellip;]<\/p>\n","protected":false},"author":62,"featured_media":0,"parent":0,"menu_order":0,"comment_status":"closed","ping_status":"closed","template":"elementor_header_footer","meta":{"footnotes":""},"yoast_head":"<!-- This site is optimized with the Yoast SEO plugin v21.8 - https:\/\/yoast.com\/wordpress\/plugins\/seo\/ -->\n<title>Gestion des shoppings - Y\u00f6li Na\u00e9<\/title>\n<meta name=\"description\" content=\"Le premier bureau de presse digital d\u00e9di\u00e9 aux professionnels de la mode enfantine\" \/>\n<meta name=\"robots\" content=\"index, follow, max-snippet:-1, max-image-preview:large, max-video-preview:-1\" \/>\n<link rel=\"canonical\" href=\"https:\/\/dev.yolinae.com\/fr\/gestion-des-shoppings\/\" \/>\n<meta property=\"og:locale\" content=\"fr_FR\" \/>\n<meta property=\"og:type\" content=\"article\" \/>\n<meta property=\"og:title\" content=\"Gestion des shoppings - Y\u00f6li Na\u00e9\" \/>\n<meta property=\"og:description\" content=\"Le premier bureau de presse digital d\u00e9di\u00e9 aux professionnels de la mode enfantine\" \/>\n<meta property=\"og:url\" content=\"https:\/\/dev.yolinae.com\/fr\/gestion-des-shoppings\/\" \/>\n<meta property=\"og:site_name\" content=\"Y\u00f6li Na\u00e9\" \/>\n<meta property=\"article:modified_time\" content=\"2024-01-31T14:07:36+00:00\" \/>\n<meta property=\"og:image\" content=\"https:\/\/dev.yolinae.com\/wp-content\/uploads\/2024\/01\/Plan-de-travail-5.png\" \/>\n<meta name=\"twitter:card\" content=\"summary_large_image\" \/>\n<meta name=\"twitter:label1\" content=\"Dur\u00e9e de lecture estim\u00e9e\" \/>\n\t<meta name=\"twitter:data1\" content=\"2 minutes\" \/>\n<script type=\"application\/ld+json\" class=\"yoast-schema-graph\">{\"@context\":\"https:\/\/schema.org\",\"@graph\":[{\"@type\":\"WebPage\",\"@id\":\"https:\/\/dev.yolinae.com\/fr\/gestion-des-shoppings\/\",\"url\":\"https:\/\/dev.yolinae.com\/fr\/gestion-des-shoppings\/\",\"name\":\"Gestion des shoppings - Y\u00f6li Na\u00e9\",\"isPartOf\":{\"@id\":\"https:\/\/dev.yolinae.com\/#website\"},\"datePublished\":\"2024-01-10T20:47:38+00:00\",\"dateModified\":\"2024-01-31T14:07:36+00:00\",\"description\":\"Le premier bureau de presse digital d\u00e9di\u00e9 aux professionnels de la mode enfantine\",\"breadcrumb\":{\"@id\":\"https:\/\/dev.yolinae.com\/fr\/gestion-des-shoppings\/#breadcrumb\"},\"inLanguage\":\"fr-FR\",\"potentialAction\":[{\"@type\":\"ReadAction\",\"target\":[\"https:\/\/dev.yolinae.com\/fr\/gestion-des-shoppings\/\"]}]},{\"@type\":\"BreadcrumbList\",\"@id\":\"https:\/\/dev.yolinae.com\/fr\/gestion-des-shoppings\/#breadcrumb\",\"itemListElement\":[{\"@type\":\"ListItem\",\"position\":1,\"name\":\"Home\",\"item\":\"https:\/\/dev.yolinae.com\/\"},{\"@type\":\"ListItem\",\"position\":2,\"name\":\"Gestion des shoppings\"}]},{\"@type\":\"WebSite\",\"@id\":\"https:\/\/dev.yolinae.com\/#website\",\"url\":\"https:\/\/dev.yolinae.com\/\",\"name\":\"Y\u00f6li Na\u00e9\",\"description\":\"La 1\u00e8re plateforme b2b de showroom digital des bureaux de presse \",\"publisher\":{\"@id\":\"https:\/\/dev.yolinae.com\/#organization\"},\"potentialAction\":[{\"@type\":\"SearchAction\",\"target\":{\"@type\":\"EntryPoint\",\"urlTemplate\":\"https:\/\/dev.yolinae.com\/?s={search_term_string}\"},\"query-input\":\"required name=search_term_string\"}],\"inLanguage\":\"fr-FR\"},{\"@type\":\"Organization\",\"@id\":\"https:\/\/dev.yolinae.com\/#organization\",\"name\":\"Y\u00f6li Na\u00e9\",\"url\":\"https:\/\/dev.yolinae.com\/\",\"logo\":{\"@type\":\"ImageObject\",\"inLanguage\":\"fr-FR\",\"@id\":\"https:\/\/dev.yolinae.com\/#\/schema\/logo\/image\/\",\"url\":\"https:\/\/dev.yolinae.com\/wp-content\/uploads\/2019\/08\/YN_Logos_Blanc.svg\",\"contentUrl\":\"https:\/\/dev.yolinae.com\/wp-content\/uploads\/2019\/08\/YN_Logos_Blanc.svg\",\"width\":238,\"height\":91,\"caption\":\"Y\u00f6li Na\u00e9\"},\"image\":{\"@id\":\"https:\/\/dev.yolinae.com\/#\/schema\/logo\/image\/\"}}]}<\/script>\n<!-- \/ Yoast SEO plugin. -->","yoast_head_json":{"title":"Gestion des shoppings - Y\u00f6li Na\u00e9","description":"Le premier bureau de presse digital d\u00e9di\u00e9 aux professionnels de la mode enfantine","robots":{"index":"index","follow":"follow","max-snippet":"max-snippet:-1","max-image-preview":"max-image-preview:large","max-video-preview":"max-video-preview:-1"},"canonical":"https:\/\/dev.yolinae.com\/fr\/gestion-des-shoppings\/","og_locale":"fr_FR","og_type":"article","og_title":"Gestion des shoppings - Y\u00f6li Na\u00e9","og_description":"Le premier bureau de presse digital d\u00e9di\u00e9 aux professionnels de la mode enfantine","og_url":"https:\/\/dev.yolinae.com\/fr\/gestion-des-shoppings\/","og_site_name":"Y\u00f6li Na\u00e9","article_modified_time":"2024-01-31T14:07:36+00:00","og_image":[{"url":"https:\/\/dev.yolinae.com\/wp-content\/uploads\/2024\/01\/Plan-de-travail-5.png"}],"twitter_card":"summary_large_image","twitter_misc":{"Dur\u00e9e de lecture estim\u00e9e":"2 minutes"},"schema":{"@context":"https:\/\/schema.org","@graph":[{"@type":"WebPage","@id":"https:\/\/dev.yolinae.com\/fr\/gestion-des-shoppings\/","url":"https:\/\/dev.yolinae.com\/fr\/gestion-des-shoppings\/","name":"Gestion des shoppings - Y\u00f6li Na\u00e9","isPartOf":{"@id":"https:\/\/dev.yolinae.com\/#website"},"datePublished":"2024-01-10T20:47:38+00:00","dateModified":"2024-01-31T14:07:36+00:00","description":"Le premier bureau de presse digital d\u00e9di\u00e9 aux professionnels de la mode enfantine","breadcrumb":{"@id":"https:\/\/dev.yolinae.com\/fr\/gestion-des-shoppings\/#breadcrumb"},"inLanguage":"fr-FR","potentialAction":[{"@type":"ReadAction","target":["https:\/\/dev.yolinae.com\/fr\/gestion-des-shoppings\/"]}]},{"@type":"BreadcrumbList","@id":"https:\/\/dev.yolinae.com\/fr\/gestion-des-shoppings\/#breadcrumb","itemListElement":[{"@type":"ListItem","position":1,"name":"Home","item":"https:\/\/dev.yolinae.com\/"},{"@type":"ListItem","position":2,"name":"Gestion des shoppings"}]},{"@type":"WebSite","@id":"https:\/\/dev.yolinae.com\/#website","url":"https:\/\/dev.yolinae.com\/","name":"Y\u00f6li Na\u00e9","description":"La 1\u00e8re plateforme b2b de showroom digital des bureaux de presse ","publisher":{"@id":"https:\/\/dev.yolinae.com\/#organization"},"potentialAction":[{"@type":"SearchAction","target":{"@type":"EntryPoint","urlTemplate":"https:\/\/dev.yolinae.com\/?s={search_term_string}"},"query-input":"required name=search_term_string"}],"inLanguage":"fr-FR"},{"@type":"Organization","@id":"https:\/\/dev.yolinae.com\/#organization","name":"Y\u00f6li Na\u00e9","url":"https:\/\/dev.yolinae.com\/","logo":{"@type":"ImageObject","inLanguage":"fr-FR","@id":"https:\/\/dev.yolinae.com\/#\/schema\/logo\/image\/","url":"https:\/\/dev.yolinae.com\/wp-content\/uploads\/2019\/08\/YN_Logos_Blanc.svg","contentUrl":"https:\/\/dev.yolinae.com\/wp-content\/uploads\/2019\/08\/YN_Logos_Blanc.svg","width":238,"height":91,"caption":"Y\u00f6li Na\u00e9"},"image":{"@id":"https:\/\/dev.yolinae.com\/#\/schema\/logo\/image\/"}}]}},"_links":{"self":[{"href":"https:\/\/dev.yolinae.com\/fr\/wp-json\/wp\/v2\/pages\/35438"}],"collection":[{"href":"https:\/\/dev.yolinae.com\/fr\/wp-json\/wp\/v2\/pages"}],"about":[{"href":"https:\/\/dev.yolinae.com\/fr\/wp-json\/wp\/v2\/types\/page"}],"author":[{"embeddable":true,"href":"https:\/\/dev.yolinae.com\/fr\/wp-json\/wp\/v2\/users\/62"}],"replies":[{"embeddable":true,"href":"https:\/\/dev.yolinae.com\/fr\/wp-json\/wp\/v2\/comments?post=35438"}],"version-history":[{"count":8,"href":"https:\/\/dev.yolinae.com\/fr\/wp-json\/wp\/v2\/pages\/35438\/revisions"}],"predecessor-version":[{"id":35673,"href":"https:\/\/dev.yolinae.com\/fr\/wp-json\/wp\/v2\/pages\/35438\/revisions\/35673"}],"wp:attachment":[{"href":"https:\/\/dev.yolinae.com\/fr\/wp-json\/wp\/v2\/media?parent=35438"}],"curies":[{"name":"wp","href":"https:\/\/api.w.org\/{rel}","templated":true}]}}