{"id":35477,"date":"2024-01-10T23:01:16","date_gmt":"2024-01-10T21:01:16","guid":{"rendered":"https:\/\/dev.yolinae.com\/?page_id=35477"},"modified":"2024-01-31T16:10:25","modified_gmt":"2024-01-31T14:10:25","slug":"integration","status":"publish","type":"page","link":"https:\/\/dev.yolinae.com\/fr\/integration\/","title":{"rendered":"Int\u00e9gration"},"content":{"rendered":"\t\t<div data-elementor-type=\"wp-page\" data-elementor-id=\"35477\" class=\"elementor elementor-35477\" data-elementor-post-type=\"page\">\n\t\t\t\t\t\t\t\t\t<section class=\"elementor-section elementor-top-section elementor-element elementor-element-58a9266 elementor-hidden-phone elementor-section-full_width elementor-section-height-default elementor-section-height-default elementor-invisible\" data-id=\"58a9266\" data-element_type=\"section\" data-settings=\"{&quot;animation&quot;:&quot;fadeIn&quot;,&quot;background_background&quot;:&quot;classic&quot;}\">\n\t\t\t\t\t\t<div class=\"elementor-container elementor-column-gap-default\">\n\t\t\t\t\t<div class=\"elementor-column elementor-col-100 elementor-top-column elementor-element elementor-element-3785c78\" data-id=\"3785c78\" data-element_type=\"column\">\n\t\t\t<div class=\"elementor-widget-wrap elementor-element-populated\">\n\t\t\t\t\t\t\t\t<section class=\"elementor-section elementor-inner-section elementor-element elementor-element-adc81de elementor-section-boxed elementor-section-height-default elementor-section-height-default\" data-id=\"adc81de\" data-element_type=\"section\">\n\t\t\t\t\t\t<div class=\"elementor-container elementor-column-gap-default\">\n\t\t\t\t\t<div class=\"elementor-column elementor-col-66 elementor-inner-column elementor-element elementor-element-7aef204\" data-id=\"7aef204\" data-element_type=\"column\">\n\t\t\t<div class=\"elementor-widget-wrap elementor-element-populated\">\n\t\t\t\t\t\t\t\t<div class=\"elementor-element elementor-element-16ddc9a6 elementor-widget elementor-widget-heading\" data-id=\"16ddc9a6\" data-element_type=\"widget\" data-widget_type=\"heading.default\">\n\t\t\t\t<div class=\"elementor-widget-container\">\n\t\t\t<h1 class=\"elementor-heading-title elementor-size-default\">Int\u00e9gration<\/h1>\t\t<\/div>\n\t\t\t\t<\/div>\n\t\t\t\t<div class=\"elementor-element elementor-element-f95a688 elementor-widget elementor-widget-heading\" data-id=\"f95a688\" data-element_type=\"widget\" data-widget_type=\"heading.default\">\n\t\t\t\t<div class=\"elementor-widget-container\">\n\t\t\t<h1 class=\"elementor-heading-title elementor-size-default\">Le choix du roi<\/h1>\t\t<\/div>\n\t\t\t\t<\/div>\n\t\t\t\t\t<\/div>\n\t\t<\/div>\n\t\t\t\t<div class=\"elementor-column elementor-col-33 elementor-inner-column elementor-element elementor-element-fe53e90\" data-id=\"fe53e90\" data-element_type=\"column\">\n\t\t\t<div class=\"elementor-widget-wrap\">\n\t\t\t\t\t\t\t\t\t<\/div>\n\t\t<\/div>\n\t\t\t\t\t\t\t<\/div>\n\t\t<\/section>\n\t\t\t\t\t<\/div>\n\t\t<\/div>\n\t\t\t\t\t\t\t<\/div>\n\t\t<\/section>\n\t\t\t\t<section class=\"elementor-section elementor-top-section elementor-element elementor-element-9ebb94b elementor-section-content-top elementor-section-boxed elementor-section-height-default elementor-section-height-default\" data-id=\"9ebb94b\" data-element_type=\"section\">\n\t\t\t\t\t\t<div class=\"elementor-container elementor-column-gap-custom\">\n\t\t\t\t\t<div class=\"elementor-column elementor-col-50 elementor-top-column elementor-element elementor-element-527ba60\" data-id=\"527ba60\" data-element_type=\"column\" data-settings=\"{&quot;background_background&quot;:&quot;classic&quot;}\">\n\t\t\t<div class=\"elementor-widget-wrap elementor-element-populated\">\n\t\t\t\t\t\t\t\t<div class=\"elementor-element elementor-element-efdbe44 elementor-widget elementor-widget-text-editor\" data-id=\"efdbe44\" data-element_type=\"widget\" data-widget_type=\"text-editor.default\">\n\t\t\t\t<div class=\"elementor-widget-container\">\n\t\t\t\t\t\t\tAutonomie totale\t\t\t\t\t\t<\/div>\n\t\t\t\t<\/div>\n\t\t\t\t<div class=\"elementor-element elementor-element-fa109a8 elementor-widget elementor-widget-text-editor\" data-id=\"fa109a8\" data-element_type=\"widget\" data-widget_type=\"text-editor.default\">\n\t\t\t\t<div class=\"elementor-widget-container\">\n\t\t\t\t\t\t\tSi vous choisissez de cr\u00e9er et g\u00e9rer votre showroom virtuel en toute autonomie, Y\u00f6li Na\u00e9 vous offre la possibilit\u00e9 de cr\u00e9er vous-m\u00eame votre espace en ligne. Cette option vous permet de prendre en main la mise en ligne de vos collections de mani\u00e8re ind\u00e9pendante. Nous fournissons une formation compl\u00e8te, comprenant des documents d\u00e9taill\u00e9s et des vid\u00e9os instructives, pour vous assurer une utilisation fluide et efficace de notre outil. Ainsi, vous avez la libert\u00e9 de mettre en valeur vos marques clientes selon vos propres crit\u00e8res, avec la flexibilit\u00e9 de proc\u00e9der \u00e0 des mises \u00e0 jour \u00e0 tout moment.\t\t\t\t\t\t<\/div>\n\t\t\t\t<\/div>\n\t\t\t\t\t<\/div>\n\t\t<\/div>\n\t\t\t\t<div class=\"elementor-column elementor-col-50 elementor-top-column elementor-element elementor-element-aaba557\" data-id=\"aaba557\" data-element_type=\"column\">\n\t\t\t<div class=\"elementor-widget-wrap elementor-element-populated\">\n\t\t\t\t\t\t\t\t<div class=\"elementor-element elementor-element-ae1aa9f elementor-widget elementor-widget-image\" data-id=\"ae1aa9f\" data-element_type=\"widget\" data-widget_type=\"image.default\">\n\t\t\t\t<div class=\"elementor-widget-container\">\n\t\t\t\t\t\t\t\t\t\t\t\t\t\t\t<img fetchpriority=\"high\" decoding=\"async\" width=\"559\" height=\"650\" src=\"https:\/\/dev.yolinae.com\/wp-content\/uploads\/2024\/01\/PHOTO-AUTONOMIE.png\" class=\"attachment-large size-large wp-image-35482\" alt=\"\" srcset=\"https:\/\/dev.yolinae.com\/wp-content\/uploads\/2024\/01\/PHOTO-AUTONOMIE.png 559w, https:\/\/dev.yolinae.com\/wp-content\/uploads\/2024\/01\/PHOTO-AUTONOMIE-258x300.png 258w, https:\/\/dev.yolinae.com\/wp-content\/uploads\/2024\/01\/PHOTO-AUTONOMIE-10x12.png 10w, https:\/\/dev.yolinae.com\/wp-content\/uploads\/2024\/01\/PHOTO-AUTONOMIE-64x74.png 64w\" sizes=\"(max-width: 559px) 100vw, 559px\" \/>\t\t\t\t\t\t\t\t\t\t\t\t\t\t\t<\/div>\n\t\t\t\t<\/div>\n\t\t\t\t\t<\/div>\n\t\t<\/div>\n\t\t\t\t\t\t\t<\/div>\n\t\t<\/section>\n\t\t\t\t<section class=\"elementor-section elementor-top-section elementor-element elementor-element-4cd70bc elementor-section-content-top elementor-section-boxed elementor-section-height-default elementor-section-height-default\" data-id=\"4cd70bc\" data-element_type=\"section\">\n\t\t\t\t\t\t<div class=\"elementor-container elementor-column-gap-custom\">\n\t\t\t\t\t<div class=\"elementor-column elementor-col-50 elementor-top-column elementor-element elementor-element-6d1217c\" data-id=\"6d1217c\" data-element_type=\"column\">\n\t\t\t<div class=\"elementor-widget-wrap elementor-element-populated\">\n\t\t\t\t\t\t\t\t<div class=\"elementor-element elementor-element-7fec10b elementor-widget elementor-widget-image\" data-id=\"7fec10b\" data-element_type=\"widget\" data-widget_type=\"image.default\">\n\t\t\t\t<div class=\"elementor-widget-container\">\n\t\t\t\t\t\t\t\t\t\t\t\t\t\t\t<img decoding=\"async\" width=\"596\" height=\"601\" src=\"https:\/\/dev.yolinae.com\/wp-content\/uploads\/2024\/01\/Plan-de-travail-12.png\" class=\"attachment-large size-large wp-image-35483\" alt=\"\" srcset=\"https:\/\/dev.yolinae.com\/wp-content\/uploads\/2024\/01\/Plan-de-travail-12.png 596w, https:\/\/dev.yolinae.com\/wp-content\/uploads\/2024\/01\/Plan-de-travail-12-298x300.png 298w, https:\/\/dev.yolinae.com\/wp-content\/uploads\/2024\/01\/Plan-de-travail-12-150x150.png 150w, https:\/\/dev.yolinae.com\/wp-content\/uploads\/2024\/01\/Plan-de-travail-12-12x12.png 12w, https:\/\/dev.yolinae.com\/wp-content\/uploads\/2024\/01\/Plan-de-travail-12-100x100.png 100w, https:\/\/dev.yolinae.com\/wp-content\/uploads\/2024\/01\/Plan-de-travail-12-64x65.png 64w\" sizes=\"(max-width: 596px) 100vw, 596px\" \/>\t\t\t\t\t\t\t\t\t\t\t\t\t\t\t<\/div>\n\t\t\t\t<\/div>\n\t\t\t\t\t<\/div>\n\t\t<\/div>\n\t\t\t\t<div class=\"elementor-column elementor-col-50 elementor-top-column elementor-element elementor-element-2dcea29\" data-id=\"2dcea29\" data-element_type=\"column\" data-settings=\"{&quot;background_background&quot;:&quot;classic&quot;}\">\n\t\t\t<div class=\"elementor-widget-wrap elementor-element-populated\">\n\t\t\t\t\t\t\t\t<div class=\"elementor-element elementor-element-c6a5e14 elementor-widget elementor-widget-text-editor\" data-id=\"c6a5e14\" data-element_type=\"widget\" data-widget_type=\"text-editor.default\">\n\t\t\t\t<div class=\"elementor-widget-container\">\n\t\t\t\t\t\t\tConfiez-nous la t\u00e2che !\t\t\t\t\t\t<\/div>\n\t\t\t\t<\/div>\n\t\t\t\t<div class=\"elementor-element elementor-element-4ca9c14 elementor-widget elementor-widget-text-editor\" data-id=\"4ca9c14\" data-element_type=\"widget\" data-widget_type=\"text-editor.default\">\n\t\t\t\t<div class=\"elementor-widget-container\">\n\t\t\t\t\t\t\tAvec Y\u00f6li Na\u00e9, b\u00e9n\u00e9ficiez d&rsquo;une solution cl\u00e9 en main gr\u00e2ce \u00e0 notre \u00e9quipe d\u00e9di\u00e9e de d\u00e9veloppeurs et d&rsquo;int\u00e9grateurs web. Nous nous occupons de la cr\u00e9ation et de la mise en ligne de votre espace en ligne et de vos collections, vous permettant de d\u00e9l\u00e9guer enti\u00e8rement cette t\u00e2che tout en profitant de notre expertise. Bien que nous prenions en charge cette responsabilit\u00e9, nous croyons en l&rsquo;autonomie de nos clients. Ainsi, m\u00eame dans cette formule, nous vous offrons une formation compl\u00e8te pour que vous restiez ma\u00eetre de votre espace, capable de r\u00e9aliser des mises \u00e0 jour ponctuelles, d&rsquo;ajouter des produits en cours de saison et de g\u00e9rer la remise en stock avec aisance. Chez Y\u00f6li Na\u00e9, notre objectif est de vous offrir la meilleure exp\u00e9rience d&rsquo;int\u00e9gration possible, vous laissant le contr\u00f4le selon vos besoins sp\u00e9cifiques.\t\t\t\t\t\t<\/div>\n\t\t\t\t<\/div>\n\t\t\t\t\t<\/div>\n\t\t<\/div>\n\t\t\t\t\t\t\t<\/div>\n\t\t<\/section>\n\t\t\t\t\t\t\t<\/div>\n\t\t","protected":false},"excerpt":{"rendered":"<p>Int\u00e9gration Le choix du roi Autonomie totaleSi vous choisissez de cr\u00e9er et g\u00e9rer votre showroom virtuel en toute autonomie, Y\u00f6li Na\u00e9 vous offre la possibilit\u00e9 de cr\u00e9er vous-m\u00eame votre espace en ligne. Cette option vous permet de prendre en main la mise en ligne de vos collections de mani\u00e8re ind\u00e9pendante. Nous fournissons une formation compl\u00e8te, [&hellip;]<\/p>\n","protected":false},"author":62,"featured_media":0,"parent":0,"menu_order":0,"comment_status":"closed","ping_status":"closed","template":"elementor_header_footer","meta":{"footnotes":""},"yoast_head":"<!-- This site is optimized with the Yoast SEO plugin v21.8 - https:\/\/yoast.com\/wordpress\/plugins\/seo\/ -->\n<title>Int\u00e9gration - Y\u00f6li Na\u00e9<\/title>\n<meta name=\"description\" content=\"Le premier bureau de presse digital d\u00e9di\u00e9 aux professionnels de la mode enfantine\" \/>\n<meta name=\"robots\" content=\"index, follow, max-snippet:-1, max-image-preview:large, max-video-preview:-1\" \/>\n<link rel=\"canonical\" href=\"https:\/\/dev.yolinae.com\/fr\/integration\/\" \/>\n<meta property=\"og:locale\" content=\"fr_FR\" \/>\n<meta property=\"og:type\" content=\"article\" \/>\n<meta property=\"og:title\" content=\"Int\u00e9gration - Y\u00f6li Na\u00e9\" \/>\n<meta property=\"og:description\" content=\"Le premier bureau de presse digital d\u00e9di\u00e9 aux professionnels de la mode enfantine\" \/>\n<meta property=\"og:url\" content=\"https:\/\/dev.yolinae.com\/fr\/integration\/\" \/>\n<meta property=\"og:site_name\" content=\"Y\u00f6li Na\u00e9\" \/>\n<meta property=\"article:modified_time\" content=\"2024-01-31T14:10:25+00:00\" \/>\n<meta property=\"og:image\" content=\"https:\/\/dev.yolinae.com\/wp-content\/uploads\/2024\/01\/PHOTO-AUTONOMIE.png\" \/>\n<meta name=\"twitter:card\" content=\"summary_large_image\" \/>\n<meta name=\"twitter:label1\" content=\"Dur\u00e9e de lecture estim\u00e9e\" \/>\n\t<meta name=\"twitter:data1\" content=\"2 minutes\" \/>\n<script type=\"application\/ld+json\" class=\"yoast-schema-graph\">{\"@context\":\"https:\/\/schema.org\",\"@graph\":[{\"@type\":\"WebPage\",\"@id\":\"https:\/\/dev.yolinae.com\/fr\/integration\/\",\"url\":\"https:\/\/dev.yolinae.com\/fr\/integration\/\",\"name\":\"Int\u00e9gration - Y\u00f6li Na\u00e9\",\"isPartOf\":{\"@id\":\"https:\/\/dev.yolinae.com\/#website\"},\"datePublished\":\"2024-01-10T21:01:16+00:00\",\"dateModified\":\"2024-01-31T14:10:25+00:00\",\"description\":\"Le premier bureau de presse digital d\u00e9di\u00e9 aux professionnels de la mode enfantine\",\"breadcrumb\":{\"@id\":\"https:\/\/dev.yolinae.com\/fr\/integration\/#breadcrumb\"},\"inLanguage\":\"fr-FR\",\"potentialAction\":[{\"@type\":\"ReadAction\",\"target\":[\"https:\/\/dev.yolinae.com\/fr\/integration\/\"]}]},{\"@type\":\"BreadcrumbList\",\"@id\":\"https:\/\/dev.yolinae.com\/fr\/integration\/#breadcrumb\",\"itemListElement\":[{\"@type\":\"ListItem\",\"position\":1,\"name\":\"Home\",\"item\":\"https:\/\/dev.yolinae.com\/\"},{\"@type\":\"ListItem\",\"position\":2,\"name\":\"Int\u00e9gration\"}]},{\"@type\":\"WebSite\",\"@id\":\"https:\/\/dev.yolinae.com\/#website\",\"url\":\"https:\/\/dev.yolinae.com\/\",\"name\":\"Y\u00f6li Na\u00e9\",\"description\":\"La 1\u00e8re plateforme b2b de showroom digital des bureaux de presse \",\"publisher\":{\"@id\":\"https:\/\/dev.yolinae.com\/#organization\"},\"potentialAction\":[{\"@type\":\"SearchAction\",\"target\":{\"@type\":\"EntryPoint\",\"urlTemplate\":\"https:\/\/dev.yolinae.com\/?s={search_term_string}\"},\"query-input\":\"required name=search_term_string\"}],\"inLanguage\":\"fr-FR\"},{\"@type\":\"Organization\",\"@id\":\"https:\/\/dev.yolinae.com\/#organization\",\"name\":\"Y\u00f6li Na\u00e9\",\"url\":\"https:\/\/dev.yolinae.com\/\",\"logo\":{\"@type\":\"ImageObject\",\"inLanguage\":\"fr-FR\",\"@id\":\"https:\/\/dev.yolinae.com\/#\/schema\/logo\/image\/\",\"url\":\"https:\/\/dev.yolinae.com\/wp-content\/uploads\/2019\/08\/YN_Logos_Blanc.svg\",\"contentUrl\":\"https:\/\/dev.yolinae.com\/wp-content\/uploads\/2019\/08\/YN_Logos_Blanc.svg\",\"width\":238,\"height\":91,\"caption\":\"Y\u00f6li Na\u00e9\"},\"image\":{\"@id\":\"https:\/\/dev.yolinae.com\/#\/schema\/logo\/image\/\"}}]}<\/script>\n<!-- \/ Yoast SEO plugin. -->","yoast_head_json":{"title":"Int\u00e9gration - Y\u00f6li Na\u00e9","description":"Le premier bureau de presse digital d\u00e9di\u00e9 aux professionnels de la mode enfantine","robots":{"index":"index","follow":"follow","max-snippet":"max-snippet:-1","max-image-preview":"max-image-preview:large","max-video-preview":"max-video-preview:-1"},"canonical":"https:\/\/dev.yolinae.com\/fr\/integration\/","og_locale":"fr_FR","og_type":"article","og_title":"Int\u00e9gration - Y\u00f6li Na\u00e9","og_description":"Le premier bureau de presse digital d\u00e9di\u00e9 aux professionnels de la mode enfantine","og_url":"https:\/\/dev.yolinae.com\/fr\/integration\/","og_site_name":"Y\u00f6li Na\u00e9","article_modified_time":"2024-01-31T14:10:25+00:00","og_image":[{"url":"https:\/\/dev.yolinae.com\/wp-content\/uploads\/2024\/01\/PHOTO-AUTONOMIE.png"}],"twitter_card":"summary_large_image","twitter_misc":{"Dur\u00e9e de lecture estim\u00e9e":"2 minutes"},"schema":{"@context":"https:\/\/schema.org","@graph":[{"@type":"WebPage","@id":"https:\/\/dev.yolinae.com\/fr\/integration\/","url":"https:\/\/dev.yolinae.com\/fr\/integration\/","name":"Int\u00e9gration - Y\u00f6li Na\u00e9","isPartOf":{"@id":"https:\/\/dev.yolinae.com\/#website"},"datePublished":"2024-01-10T21:01:16+00:00","dateModified":"2024-01-31T14:10:25+00:00","description":"Le premier bureau de presse digital d\u00e9di\u00e9 aux professionnels de la mode enfantine","breadcrumb":{"@id":"https:\/\/dev.yolinae.com\/fr\/integration\/#breadcrumb"},"inLanguage":"fr-FR","potentialAction":[{"@type":"ReadAction","target":["https:\/\/dev.yolinae.com\/fr\/integration\/"]}]},{"@type":"BreadcrumbList","@id":"https:\/\/dev.yolinae.com\/fr\/integration\/#breadcrumb","itemListElement":[{"@type":"ListItem","position":1,"name":"Home","item":"https:\/\/dev.yolinae.com\/"},{"@type":"ListItem","position":2,"name":"Int\u00e9gration"}]},{"@type":"WebSite","@id":"https:\/\/dev.yolinae.com\/#website","url":"https:\/\/dev.yolinae.com\/","name":"Y\u00f6li Na\u00e9","description":"La 1\u00e8re plateforme b2b de showroom digital des bureaux de presse ","publisher":{"@id":"https:\/\/dev.yolinae.com\/#organization"},"potentialAction":[{"@type":"SearchAction","target":{"@type":"EntryPoint","urlTemplate":"https:\/\/dev.yolinae.com\/?s={search_term_string}"},"query-input":"required name=search_term_string"}],"inLanguage":"fr-FR"},{"@type":"Organization","@id":"https:\/\/dev.yolinae.com\/#organization","name":"Y\u00f6li Na\u00e9","url":"https:\/\/dev.yolinae.com\/","logo":{"@type":"ImageObject","inLanguage":"fr-FR","@id":"https:\/\/dev.yolinae.com\/#\/schema\/logo\/image\/","url":"https:\/\/dev.yolinae.com\/wp-content\/uploads\/2019\/08\/YN_Logos_Blanc.svg","contentUrl":"https:\/\/dev.yolinae.com\/wp-content\/uploads\/2019\/08\/YN_Logos_Blanc.svg","width":238,"height":91,"caption":"Y\u00f6li Na\u00e9"},"image":{"@id":"https:\/\/dev.yolinae.com\/#\/schema\/logo\/image\/"}}]}},"_links":{"self":[{"href":"https:\/\/dev.yolinae.com\/fr\/wp-json\/wp\/v2\/pages\/35477"}],"collection":[{"href":"https:\/\/dev.yolinae.com\/fr\/wp-json\/wp\/v2\/pages"}],"about":[{"href":"https:\/\/dev.yolinae.com\/fr\/wp-json\/wp\/v2\/types\/page"}],"author":[{"embeddable":true,"href":"https:\/\/dev.yolinae.com\/fr\/wp-json\/wp\/v2\/users\/62"}],"replies":[{"embeddable":true,"href":"https:\/\/dev.yolinae.com\/fr\/wp-json\/wp\/v2\/comments?post=35477"}],"version-history":[{"count":8,"href":"https:\/\/dev.yolinae.com\/fr\/wp-json\/wp\/v2\/pages\/35477\/revisions"}],"predecessor-version":[{"id":35679,"href":"https:\/\/dev.yolinae.com\/fr\/wp-json\/wp\/v2\/pages\/35477\/revisions\/35679"}],"wp:attachment":[{"href":"https:\/\/dev.yolinae.com\/fr\/wp-json\/wp\/v2\/media?parent=35477"}],"curies":[{"name":"wp","href":"https:\/\/api.w.org\/{rel}","templated":true}]}}