{"id":35495,"date":"2024-01-10T23:13:12","date_gmt":"2024-01-10T21:13:12","guid":{"rendered":"https:\/\/dev.yolinae.com\/?page_id=35495"},"modified":"2024-02-07T12:20:13","modified_gmt":"2024-02-07T10:20:13","slug":"yoli-story","status":"publish","type":"page","link":"https:\/\/dev.yolinae.com\/fr\/yoli-story\/","title":{"rendered":"Yoli Story"},"content":{"rendered":"\t\t<div data-elementor-type=\"wp-page\" data-elementor-id=\"35495\" class=\"elementor elementor-35495\" data-elementor-post-type=\"page\">\n\t\t\t\t\t\t\t\t\t<section class=\"elementor-section elementor-top-section elementor-element elementor-element-58a9266 elementor-hidden-phone elementor-section-full_width elementor-section-height-default elementor-section-height-default elementor-invisible\" data-id=\"58a9266\" data-element_type=\"section\" data-settings=\"{&quot;animation&quot;:&quot;fadeIn&quot;,&quot;background_background&quot;:&quot;classic&quot;}\">\n\t\t\t\t\t\t<div class=\"elementor-container elementor-column-gap-default\">\n\t\t\t\t\t<div class=\"elementor-column elementor-col-100 elementor-top-column elementor-element elementor-element-3785c78\" data-id=\"3785c78\" data-element_type=\"column\">\n\t\t\t<div class=\"elementor-widget-wrap elementor-element-populated\">\n\t\t\t\t\t\t\t\t<section class=\"elementor-section elementor-inner-section elementor-element elementor-element-adc81de elementor-section-boxed elementor-section-height-default elementor-section-height-default\" data-id=\"adc81de\" data-element_type=\"section\">\n\t\t\t\t\t\t<div class=\"elementor-container elementor-column-gap-default\">\n\t\t\t\t\t<div class=\"elementor-column elementor-col-66 elementor-inner-column elementor-element elementor-element-7aef204\" data-id=\"7aef204\" data-element_type=\"column\">\n\t\t\t<div class=\"elementor-widget-wrap elementor-element-populated\">\n\t\t\t\t\t\t\t\t<div class=\"elementor-element elementor-element-16ddc9a6 elementor-widget elementor-widget-heading\" data-id=\"16ddc9a6\" data-element_type=\"widget\" data-widget_type=\"heading.default\">\n\t\t\t\t<div class=\"elementor-widget-container\">\n\t\t\t<h1 class=\"elementor-heading-title elementor-size-default\">Y\u00f6li Story<\/h1>\t\t<\/div>\n\t\t\t\t<\/div>\n\t\t\t\t<div class=\"elementor-element elementor-element-f95a688 elementor-widget elementor-widget-heading\" data-id=\"f95a688\" data-element_type=\"widget\" data-widget_type=\"heading.default\">\n\t\t\t\t<div class=\"elementor-widget-container\">\n\t\t\t<h1 class=\"elementor-heading-title elementor-size-default\">Ana\u00efs Mah\u00e9, la fondatrice<\/h1>\t\t<\/div>\n\t\t\t\t<\/div>\n\t\t\t\t\t<\/div>\n\t\t<\/div>\n\t\t\t\t<div class=\"elementor-column elementor-col-33 elementor-inner-column elementor-element elementor-element-fe53e90\" data-id=\"fe53e90\" data-element_type=\"column\">\n\t\t\t<div class=\"elementor-widget-wrap\">\n\t\t\t\t\t\t\t\t\t<\/div>\n\t\t<\/div>\n\t\t\t\t\t\t\t<\/div>\n\t\t<\/section>\n\t\t\t\t\t<\/div>\n\t\t<\/div>\n\t\t\t\t\t\t\t<\/div>\n\t\t<\/section>\n\t\t\t\t<section class=\"elementor-section elementor-top-section elementor-element elementor-element-c185164 elementor-section-boxed elementor-section-height-default elementor-section-height-default\" data-id=\"c185164\" data-element_type=\"section\">\n\t\t\t\t\t\t<div class=\"elementor-container elementor-column-gap-default\">\n\t\t\t\t\t<div class=\"elementor-column elementor-col-50 elementor-top-column elementor-element elementor-element-f2ea447\" data-id=\"f2ea447\" data-element_type=\"column\">\n\t\t\t<div class=\"elementor-widget-wrap elementor-element-populated\">\n\t\t\t\t\t\t\t\t<div class=\"elementor-element elementor-element-1b5e806 elementor-widget elementor-widget-text-editor\" data-id=\"1b5e806\" data-element_type=\"widget\" data-widget_type=\"text-editor.default\">\n\t\t\t\t<div class=\"elementor-widget-container\">\n\t\t\t\t\t\t\t<p>Fond\u00e9e par Ana\u00efs Mah\u00e9, la 1\u00e8re plateforme B2B de showroom en ligne pour les bureaux de presse, n&rsquo;est pas le fruit du hasard. Elle est le r\u00e9sultat d&rsquo;une exp\u00e9rience r\u00e9ussie en tant que bureau de presse digital pendant quatre ans. Cette transition a \u00e9t\u00e9 initi\u00e9e par une passion pour l&rsquo;univers de la mode, en particulier la mode enfantine, et s&rsquo;est appuy\u00e9e sur cinq ann\u00e9es d&rsquo;\u00e9tudes en Communication ainsi que sur des exp\u00e9riences professionnelles dans le secteur, notamment chez Cute Models, Kidding, Doolittle, et Melijoe.<br \/><br \/>Ana\u00efs a con\u00e7u Y\u00f6li Na\u00e9 en observant le besoin des stylistes photos et journalistes, ne disposant pas toujours du temps n\u00e9cessaire pour parcourir physiquement les diff\u00e9rents showrooms des agences de presse afin de faire leurs s\u00e9lections entre diff\u00e9rents sujets et shootings. Cette r\u00e9alit\u00e9 conduit \u00e0 des s\u00e9lections effectu\u00e9es \u00e0 distance en collaboration \u00e9troite avec les attach\u00e9s de presse, b\u00e9n\u00e9ficiant certe, d\u2019un accompagnement de grande qualit\u00e9 mais cependant, en raison de l&rsquo;absence d&rsquo;un outil centralis\u00e9, le processus peut-\u00eatre chronophage puisqu\u2019il exige de nombreux \u00e9changes par mail et t\u00e9l\u00e9phone pour l&rsquo;envoi de photos et de documents essentiels \u00e0 la r\u00e9alisation des s\u00e9lections et des sujets.\u00a0<\/p>\t\t\t\t\t\t<\/div>\n\t\t\t\t<\/div>\n\t\t\t\t<section class=\"elementor-section elementor-inner-section elementor-element elementor-element-1d833be elementor-section-boxed elementor-section-height-default elementor-section-height-default\" data-id=\"1d833be\" data-element_type=\"section\" data-settings=\"{&quot;background_background&quot;:&quot;classic&quot;}\">\n\t\t\t\t\t\t<div class=\"elementor-container elementor-column-gap-default\">\n\t\t\t\t\t<div class=\"elementor-column elementor-col-100 elementor-inner-column elementor-element elementor-element-dbe30b4\" data-id=\"dbe30b4\" data-element_type=\"column\">\n\t\t\t<div class=\"elementor-widget-wrap elementor-element-populated\">\n\t\t\t\t\t\t\t\t<div class=\"elementor-element elementor-element-e3ded9d elementor-widget elementor-widget-text-editor\" data-id=\"e3ded9d\" data-element_type=\"widget\" data-widget_type=\"text-editor.default\">\n\t\t\t\t<div class=\"elementor-widget-container\">\n\t\t\t\t\t\t\t<p><span style=\"white-space-collapse: preserve;\">\u00ab\u00a0\u00c0 ce moment-l\u00e0, j&rsquo;ai constat\u00e9\u2028qu&rsquo;il y avait une r\u00e9elle demande\u2028et qu&rsquo;aucune offre n&rsquo;y r\u00e9pondait encore. \u2028C&rsquo;est l\u00e0 o\u00f9 j&rsquo;ai eu l&rsquo;id\u00e9e de cr\u00e9er\u2028une plateforme qui serait une sorte \u2028de &lsquo;e-shop de la presse&rsquo;, et l&rsquo;id\u00e9e\u2028ne m&rsquo;a plus quitt\u00e9e.\u00a0\u00bb<\/span><\/p>\t\t\t\t\t\t<\/div>\n\t\t\t\t<\/div>\n\t\t\t\t\t<\/div>\n\t\t<\/div>\n\t\t\t\t\t\t\t<\/div>\n\t\t<\/section>\n\t\t\t\t<div class=\"elementor-element elementor-element-44ca1d6 elementor-widget elementor-widget-text-editor\" data-id=\"44ca1d6\" data-element_type=\"widget\" data-widget_type=\"text-editor.default\">\n\t\t\t\t<div class=\"elementor-widget-container\">\n\t\t\t\t\t\t\t<p><span style=\"white-space-collapse: preserve;\">Apr\u00e8s une ann\u00e9e d&rsquo;incubation \u00e0 la Station F, le plus grand campus d&rsquo;incubateur de start-up au monde cr\u00e9\u00e9 par Xavier Niel, Ana\u00efs a cr\u00e9\u00e9 Y\u00f6li Na\u00e9, le premier showroom presse digital d\u00e9di\u00e9 aux professionnels de la mode enfantine, un bureau de presse 2.0. ! L&rsquo;id\u00e9e \u00e9tait de proposer le premier showroom en ligne, int\u00e9gr\u00e9 \u00e0 son propre bureau, offrant ainsi aux marques clientes un service dans l&rsquo;\u00e8re du temps, une visibilit\u00e9 num\u00e9rique, et aux stylistes et journalistes une exp\u00e9rience simplifi\u00e9e. En plus de cet outil digital, Y\u00f6li Na\u00e9 offrait un service plus large comprenant les relations presse traditionnelles, du conseil en strat\u00e9gie d\u2019image, la r\u00e9alisation de campagnes d&rsquo;influence, la production de shooting et d\u2019\u00e9v\u00e9nements.\u00a0<br \/><br \/>Consciente de l&rsquo;importance d&rsquo;un lieu physique o\u00f9 se rencontrer, Y\u00f6li Na\u00e9 disposait \u00e9galement d&rsquo;un showroom physique gr\u00e2ce \u00e0 un partenariat nou\u00e9 avec le showroom commercial St\u00e9phane Poncelet, \u00e9galement fondateur du concepteur en ligne Neo Family. Ce lieu permettait de rencontrer les clients et les m\u00e9dias, de stocker les collections, de g\u00e9rer les envois et retours presse et d&rsquo;organiser des \u00e9v\u00e9nements tels que les journ\u00e9es presse et des shootings.<br \/><\/span><\/p>\t\t\t\t\t\t<\/div>\n\t\t\t\t<\/div>\n\t\t\t\t\t<\/div>\n\t\t<\/div>\n\t\t\t\t<div class=\"elementor-column elementor-col-50 elementor-top-column elementor-element elementor-element-def60bf\" data-id=\"def60bf\" data-element_type=\"column\">\n\t\t\t<div class=\"elementor-widget-wrap elementor-element-populated\">\n\t\t\t\t\t\t\t\t<div class=\"elementor-element elementor-element-7b0a96a elementor-widget elementor-widget-image\" data-id=\"7b0a96a\" data-element_type=\"widget\" data-widget_type=\"image.default\">\n\t\t\t\t<div class=\"elementor-widget-container\">\n\t\t\t\t\t\t\t\t\t\t\t\t\t\t\t<img fetchpriority=\"high\" decoding=\"async\" width=\"503\" height=\"655\" src=\"https:\/\/dev.yolinae.com\/wp-content\/uploads\/2024\/01\/PHOTO-YOLI-STORY.png\" class=\"attachment-large size-large wp-image-35693\" alt=\"\" srcset=\"https:\/\/dev.yolinae.com\/wp-content\/uploads\/2024\/01\/PHOTO-YOLI-STORY.png 503w, https:\/\/dev.yolinae.com\/wp-content\/uploads\/2024\/01\/PHOTO-YOLI-STORY-230x300.png 230w, https:\/\/dev.yolinae.com\/wp-content\/uploads\/2024\/01\/PHOTO-YOLI-STORY-9x12.png 9w, https:\/\/dev.yolinae.com\/wp-content\/uploads\/2024\/01\/PHOTO-YOLI-STORY-64x83.png 64w\" sizes=\"(max-width: 503px) 100vw, 503px\" \/>\t\t\t\t\t\t\t\t\t\t\t\t\t\t\t<\/div>\n\t\t\t\t<\/div>\n\t\t\t\t<div class=\"elementor-element elementor-element-9171cf2 elementor-widget elementor-widget-text-editor\" data-id=\"9171cf2\" data-element_type=\"widget\" data-widget_type=\"text-editor.default\">\n\t\t\t\t<div class=\"elementor-widget-container\">\n\t\t\t\t\t\t\t<p><span style=\"white-space-collapse: preserve;\">Les ann\u00e9es d&rsquo;utilisation interne de cette plateforme ont r\u00e9v\u00e9l\u00e9 son potentiel, la r\u00e9alit\u00e9 des attentes du march\u00e9 et sa place au sein de l&rsquo;industrie de la mode. Cependant, une frustration persistait : l&rsquo;offre propos\u00e9e aux m\u00e9dias \u00e9tait limit\u00e9e au nombre de marques repr\u00e9sent\u00e9es par le bureau. C&rsquo;est \u00e0 ce moment que l&rsquo;innovation a pris une nouvelle forme. Plut\u00f4t que de consid\u00e9rer cet outil comme un avantage exclusif, l&rsquo;id\u00e9e a \u00e9merg\u00e9 de le partager avec l&rsquo;ensemble des bureaux de presse du monde. Cette transition vers une plateforme d\u00e9di\u00e9e aux bureaux de presse n&rsquo;est pas une simple \u00e9volution, mais une r\u00e9ponse \u00e0 un besoin \u00e9vident, faisant beaucoup plus sens aux raisons ayant conduit \u00e0 la cr\u00e9ation de cet outil.<br \/><br \/>D\u00e9sormais, Y\u00f6li Na\u00e9 n&rsquo;est plus un bureau de presse digital, mais un outil con\u00e7u pour les bureaux de presse \u00e0 destination des m\u00e9dias. Les m\u00e9dias pourront retrouver une version digitale de toutes les agences de presse avec lesquelles ils travaillent sur la plateforme Y\u00f6li Na\u00e9 lorsque le d\u00e9placement n&rsquo;est pas possible ou souhait\u00e9. Plus besoin \u00e9galement de jongler entre diff\u00e9rents liens et sites pour t\u00e9l\u00e9charger les images et informations dont les journalistes ont besoin. Cette nouvelle vision est le reflet de la premi\u00e8re version Y\u00f6li Na\u00e9, une innovation qu&rsquo;Ana\u00efs souhaite partager pour centraliser l&rsquo;offre, un avantage pour tous les acteurs de ce march\u00e9.<br \/><br \/><br \/><\/span><\/p>\t\t\t\t\t\t<\/div>\n\t\t\t\t<\/div>\n\t\t\t\t\t<\/div>\n\t\t<\/div>\n\t\t\t\t\t\t\t<\/div>\n\t\t<\/section>\n\t\t\t\t\t\t\t<\/div>\n\t\t","protected":false},"excerpt":{"rendered":"<p>Y\u00f6li Story Ana\u00efs Mah\u00e9, la fondatrice Fond\u00e9e par Ana\u00efs Mah\u00e9, la 1\u00e8re plateforme B2B de showroom en ligne pour les bureaux de presse, n&rsquo;est pas le fruit du hasard. Elle est le r\u00e9sultat d&rsquo;une exp\u00e9rience r\u00e9ussie en tant que bureau de presse digital pendant quatre ans. Cette transition a \u00e9t\u00e9 initi\u00e9e par une passion pour [&hellip;]<\/p>\n","protected":false},"author":62,"featured_media":0,"parent":0,"menu_order":0,"comment_status":"closed","ping_status":"closed","template":"elementor_header_footer","meta":{"footnotes":""},"yoast_head":"<!-- This site is optimized with the Yoast SEO plugin v21.8 - https:\/\/yoast.com\/wordpress\/plugins\/seo\/ -->\n<title>Yoli Story - Y\u00f6li Na\u00e9<\/title>\n<meta name=\"description\" content=\"Le premier bureau de presse digital d\u00e9di\u00e9 aux professionnels de la mode enfantine\" \/>\n<meta name=\"robots\" content=\"index, follow, max-snippet:-1, max-image-preview:large, max-video-preview:-1\" \/>\n<link rel=\"canonical\" href=\"https:\/\/dev.yolinae.com\/fr\/yoli-story\/\" \/>\n<meta property=\"og:locale\" content=\"fr_FR\" \/>\n<meta property=\"og:type\" content=\"article\" \/>\n<meta property=\"og:title\" content=\"Yoli Story - Y\u00f6li Na\u00e9\" \/>\n<meta property=\"og:description\" content=\"Le premier bureau de presse digital d\u00e9di\u00e9 aux professionnels de la mode enfantine\" \/>\n<meta property=\"og:url\" content=\"https:\/\/dev.yolinae.com\/fr\/yoli-story\/\" \/>\n<meta property=\"og:site_name\" content=\"Y\u00f6li Na\u00e9\" \/>\n<meta property=\"article:modified_time\" content=\"2024-02-07T10:20:13+00:00\" \/>\n<meta property=\"og:image\" content=\"https:\/\/dev.yolinae.com\/wp-content\/uploads\/2024\/01\/PHOTO-YOLI-STORY.png\" \/>\n<meta name=\"twitter:card\" content=\"summary_large_image\" \/>\n<meta name=\"twitter:label1\" content=\"Dur\u00e9e de lecture estim\u00e9e\" \/>\n\t<meta name=\"twitter:data1\" content=\"4 minutes\" \/>\n<script type=\"application\/ld+json\" class=\"yoast-schema-graph\">{\"@context\":\"https:\/\/schema.org\",\"@graph\":[{\"@type\":\"WebPage\",\"@id\":\"https:\/\/dev.yolinae.com\/yoli-story\/\",\"url\":\"https:\/\/dev.yolinae.com\/yoli-story\/\",\"name\":\"Yoli Story - Y\u00f6li Na\u00e9\",\"isPartOf\":{\"@id\":\"https:\/\/dev.yolinae.com\/#website\"},\"datePublished\":\"2024-01-10T21:13:12+00:00\",\"dateModified\":\"2024-02-07T10:20:13+00:00\",\"description\":\"Le premier bureau de presse digital d\u00e9di\u00e9 aux professionnels de la mode enfantine\",\"breadcrumb\":{\"@id\":\"https:\/\/dev.yolinae.com\/yoli-story\/#breadcrumb\"},\"inLanguage\":\"fr-FR\",\"potentialAction\":[{\"@type\":\"ReadAction\",\"target\":[\"https:\/\/dev.yolinae.com\/yoli-story\/\"]}]},{\"@type\":\"BreadcrumbList\",\"@id\":\"https:\/\/dev.yolinae.com\/yoli-story\/#breadcrumb\",\"itemListElement\":[{\"@type\":\"ListItem\",\"position\":1,\"name\":\"Home\",\"item\":\"https:\/\/dev.yolinae.com\/\"},{\"@type\":\"ListItem\",\"position\":2,\"name\":\"Yoli Story\"}]},{\"@type\":\"WebSite\",\"@id\":\"https:\/\/dev.yolinae.com\/#website\",\"url\":\"https:\/\/dev.yolinae.com\/\",\"name\":\"Y\u00f6li Na\u00e9\",\"description\":\"La 1\u00e8re plateforme b2b de showroom digital des bureaux de presse \",\"publisher\":{\"@id\":\"https:\/\/dev.yolinae.com\/#organization\"},\"potentialAction\":[{\"@type\":\"SearchAction\",\"target\":{\"@type\":\"EntryPoint\",\"urlTemplate\":\"https:\/\/dev.yolinae.com\/?s={search_term_string}\"},\"query-input\":\"required name=search_term_string\"}],\"inLanguage\":\"fr-FR\"},{\"@type\":\"Organization\",\"@id\":\"https:\/\/dev.yolinae.com\/#organization\",\"name\":\"Y\u00f6li Na\u00e9\",\"url\":\"https:\/\/dev.yolinae.com\/\",\"logo\":{\"@type\":\"ImageObject\",\"inLanguage\":\"fr-FR\",\"@id\":\"https:\/\/dev.yolinae.com\/#\/schema\/logo\/image\/\",\"url\":\"https:\/\/dev.yolinae.com\/wp-content\/uploads\/2019\/08\/YN_Logos_Blanc.svg\",\"contentUrl\":\"https:\/\/dev.yolinae.com\/wp-content\/uploads\/2019\/08\/YN_Logos_Blanc.svg\",\"width\":238,\"height\":91,\"caption\":\"Y\u00f6li Na\u00e9\"},\"image\":{\"@id\":\"https:\/\/dev.yolinae.com\/#\/schema\/logo\/image\/\"}}]}<\/script>\n<!-- \/ Yoast SEO plugin. -->","yoast_head_json":{"title":"Yoli Story - Y\u00f6li Na\u00e9","description":"Le premier bureau de presse digital d\u00e9di\u00e9 aux professionnels de la mode enfantine","robots":{"index":"index","follow":"follow","max-snippet":"max-snippet:-1","max-image-preview":"max-image-preview:large","max-video-preview":"max-video-preview:-1"},"canonical":"https:\/\/dev.yolinae.com\/fr\/yoli-story\/","og_locale":"fr_FR","og_type":"article","og_title":"Yoli Story - Y\u00f6li Na\u00e9","og_description":"Le premier bureau de presse digital d\u00e9di\u00e9 aux professionnels de la mode enfantine","og_url":"https:\/\/dev.yolinae.com\/fr\/yoli-story\/","og_site_name":"Y\u00f6li Na\u00e9","article_modified_time":"2024-02-07T10:20:13+00:00","og_image":[{"url":"https:\/\/dev.yolinae.com\/wp-content\/uploads\/2024\/01\/PHOTO-YOLI-STORY.png"}],"twitter_card":"summary_large_image","twitter_misc":{"Dur\u00e9e de lecture estim\u00e9e":"4 minutes"},"schema":{"@context":"https:\/\/schema.org","@graph":[{"@type":"WebPage","@id":"https:\/\/dev.yolinae.com\/yoli-story\/","url":"https:\/\/dev.yolinae.com\/yoli-story\/","name":"Yoli Story - Y\u00f6li Na\u00e9","isPartOf":{"@id":"https:\/\/dev.yolinae.com\/#website"},"datePublished":"2024-01-10T21:13:12+00:00","dateModified":"2024-02-07T10:20:13+00:00","description":"Le premier bureau de presse digital d\u00e9di\u00e9 aux professionnels de la mode enfantine","breadcrumb":{"@id":"https:\/\/dev.yolinae.com\/yoli-story\/#breadcrumb"},"inLanguage":"fr-FR","potentialAction":[{"@type":"ReadAction","target":["https:\/\/dev.yolinae.com\/yoli-story\/"]}]},{"@type":"BreadcrumbList","@id":"https:\/\/dev.yolinae.com\/yoli-story\/#breadcrumb","itemListElement":[{"@type":"ListItem","position":1,"name":"Home","item":"https:\/\/dev.yolinae.com\/"},{"@type":"ListItem","position":2,"name":"Yoli Story"}]},{"@type":"WebSite","@id":"https:\/\/dev.yolinae.com\/#website","url":"https:\/\/dev.yolinae.com\/","name":"Y\u00f6li Na\u00e9","description":"La 1\u00e8re plateforme b2b de showroom digital des bureaux de presse ","publisher":{"@id":"https:\/\/dev.yolinae.com\/#organization"},"potentialAction":[{"@type":"SearchAction","target":{"@type":"EntryPoint","urlTemplate":"https:\/\/dev.yolinae.com\/?s={search_term_string}"},"query-input":"required name=search_term_string"}],"inLanguage":"fr-FR"},{"@type":"Organization","@id":"https:\/\/dev.yolinae.com\/#organization","name":"Y\u00f6li Na\u00e9","url":"https:\/\/dev.yolinae.com\/","logo":{"@type":"ImageObject","inLanguage":"fr-FR","@id":"https:\/\/dev.yolinae.com\/#\/schema\/logo\/image\/","url":"https:\/\/dev.yolinae.com\/wp-content\/uploads\/2019\/08\/YN_Logos_Blanc.svg","contentUrl":"https:\/\/dev.yolinae.com\/wp-content\/uploads\/2019\/08\/YN_Logos_Blanc.svg","width":238,"height":91,"caption":"Y\u00f6li Na\u00e9"},"image":{"@id":"https:\/\/dev.yolinae.com\/#\/schema\/logo\/image\/"}}]}},"_links":{"self":[{"href":"https:\/\/dev.yolinae.com\/fr\/wp-json\/wp\/v2\/pages\/35495"}],"collection":[{"href":"https:\/\/dev.yolinae.com\/fr\/wp-json\/wp\/v2\/pages"}],"about":[{"href":"https:\/\/dev.yolinae.com\/fr\/wp-json\/wp\/v2\/types\/page"}],"author":[{"embeddable":true,"href":"https:\/\/dev.yolinae.com\/fr\/wp-json\/wp\/v2\/users\/62"}],"replies":[{"embeddable":true,"href":"https:\/\/dev.yolinae.com\/fr\/wp-json\/wp\/v2\/comments?post=35495"}],"version-history":[{"count":16,"href":"https:\/\/dev.yolinae.com\/fr\/wp-json\/wp\/v2\/pages\/35495\/revisions"}],"predecessor-version":[{"id":35858,"href":"https:\/\/dev.yolinae.com\/fr\/wp-json\/wp\/v2\/pages\/35495\/revisions\/35858"}],"wp:attachment":[{"href":"https:\/\/dev.yolinae.com\/fr\/wp-json\/wp\/v2\/media?parent=35495"}],"curies":[{"name":"wp","href":"https:\/\/api.w.org\/{rel}","templated":true}]}}