{"id":35555,"date":"2024-01-11T22:11:43","date_gmt":"2024-01-11T20:11:43","guid":{"rendered":"https:\/\/dev.yolinae.com\/?page_id=35555"},"modified":"2024-01-31T16:20:58","modified_gmt":"2024-01-31T14:20:58","slug":"centre-daide","status":"publish","type":"page","link":"https:\/\/dev.yolinae.com\/fr\/centre-daide\/","title":{"rendered":"Centre d\u2019aide"},"content":{"rendered":"\t\t<div data-elementor-type=\"wp-page\" data-elementor-id=\"35555\" class=\"elementor elementor-35555\" data-elementor-post-type=\"page\">\n\t\t\t\t\t\t\t\t\t<section class=\"elementor-section elementor-top-section elementor-element elementor-element-58a9266 elementor-hidden-phone elementor-section-full_width elementor-section-height-default elementor-section-height-default elementor-invisible\" data-id=\"58a9266\" data-element_type=\"section\" data-settings=\"{&quot;animation&quot;:&quot;fadeIn&quot;,&quot;background_background&quot;:&quot;classic&quot;}\">\n\t\t\t\t\t\t<div class=\"elementor-container elementor-column-gap-default\">\n\t\t\t\t\t<div class=\"elementor-column elementor-col-100 elementor-top-column elementor-element elementor-element-3785c78\" data-id=\"3785c78\" data-element_type=\"column\">\n\t\t\t<div class=\"elementor-widget-wrap elementor-element-populated\">\n\t\t\t\t\t\t\t\t<section class=\"elementor-section elementor-inner-section elementor-element elementor-element-adc81de elementor-section-boxed elementor-section-height-default elementor-section-height-default\" data-id=\"adc81de\" data-element_type=\"section\">\n\t\t\t\t\t\t<div class=\"elementor-container elementor-column-gap-default\">\n\t\t\t\t\t<div class=\"elementor-column elementor-col-66 elementor-inner-column elementor-element elementor-element-7aef204\" data-id=\"7aef204\" data-element_type=\"column\">\n\t\t\t<div class=\"elementor-widget-wrap elementor-element-populated\">\n\t\t\t\t\t\t\t\t<div class=\"elementor-element elementor-element-16ddc9a6 elementor-widget elementor-widget-heading\" data-id=\"16ddc9a6\" data-element_type=\"widget\" data-widget_type=\"heading.default\">\n\t\t\t\t<div class=\"elementor-widget-container\">\n\t\t\t<h1 class=\"elementor-heading-title elementor-size-default\">Centre d\u2019aide<\/h1>\t\t<\/div>\n\t\t\t\t<\/div>\n\t\t\t\t<div class=\"elementor-element elementor-element-f95a688 elementor-widget elementor-widget-heading\" data-id=\"f95a688\" data-element_type=\"widget\" data-widget_type=\"heading.default\">\n\t\t\t\t<div class=\"elementor-widget-container\">\n\t\t\t<h1 class=\"elementor-heading-title elementor-size-default\">La Y\u00f6li Team \u00e0 votre service<\/h1>\t\t<\/div>\n\t\t\t\t<\/div>\n\t\t\t\t\t<\/div>\n\t\t<\/div>\n\t\t\t\t<div class=\"elementor-column elementor-col-33 elementor-inner-column elementor-element elementor-element-fe53e90\" data-id=\"fe53e90\" data-element_type=\"column\">\n\t\t\t<div class=\"elementor-widget-wrap\">\n\t\t\t\t\t\t\t\t\t<\/div>\n\t\t<\/div>\n\t\t\t\t\t\t\t<\/div>\n\t\t<\/section>\n\t\t\t\t<div class=\"elementor-element elementor-element-b6bc2b7 elementor-widget elementor-widget-heading\" data-id=\"b6bc2b7\" data-element_type=\"widget\" data-widget_type=\"heading.default\">\n\t\t\t\t<div class=\"elementor-widget-container\">\n\t\t\t<h3 class=\"elementor-heading-title elementor-size-default\">Coming soon...<\/h3>\t\t<\/div>\n\t\t\t\t<\/div>\n\t\t\t\t\t<\/div>\n\t\t<\/div>\n\t\t\t\t\t\t\t<\/div>\n\t\t<\/section>\n\t\t\t\t\t\t\t<\/div>\n\t\t","protected":false},"excerpt":{"rendered":"<p>Centre d\u2019aide La Y\u00f6li Team \u00e0 votre service Coming soon&#8230;<\/p>\n","protected":false},"author":62,"featured_media":0,"parent":0,"menu_order":0,"comment_status":"closed","ping_status":"closed","template":"elementor_header_footer","meta":{"footnotes":""},"yoast_head":"<!-- This site is optimized with the Yoast SEO plugin v21.8 - https:\/\/yoast.com\/wordpress\/plugins\/seo\/ -->\n<title>Centre d\u2019aide - Y\u00f6li Na\u00e9<\/title>\n<meta name=\"description\" content=\"Le premier bureau de presse digital d\u00e9di\u00e9 aux professionnels de la mode enfantine\" \/>\n<meta name=\"robots\" content=\"index, follow, max-snippet:-1, max-image-preview:large, max-video-preview:-1\" \/>\n<link rel=\"canonical\" href=\"https:\/\/dev.yolinae.com\/fr\/centre-daide\/\" \/>\n<meta property=\"og:locale\" content=\"fr_FR\" \/>\n<meta property=\"og:type\" content=\"article\" \/>\n<meta property=\"og:title\" content=\"Centre d\u2019aide - Y\u00f6li Na\u00e9\" \/>\n<meta property=\"og:description\" content=\"Le premier bureau de presse digital d\u00e9di\u00e9 aux professionnels de la mode enfantine\" \/>\n<meta property=\"og:url\" content=\"https:\/\/dev.yolinae.com\/fr\/centre-daide\/\" \/>\n<meta property=\"og:site_name\" content=\"Y\u00f6li Na\u00e9\" \/>\n<meta property=\"article:modified_time\" content=\"2024-01-31T14:20:58+00:00\" \/>\n<meta name=\"twitter:card\" content=\"summary_large_image\" \/>\n<meta name=\"twitter:label1\" content=\"Dur\u00e9e de lecture estim\u00e9e\" \/>\n\t<meta name=\"twitter:data1\" content=\"1 minute\" \/>\n<script type=\"application\/ld+json\" class=\"yoast-schema-graph\">{\"@context\":\"https:\/\/schema.org\",\"@graph\":[{\"@type\":\"WebPage\",\"@id\":\"https:\/\/dev.yolinae.com\/centre-daide\/\",\"url\":\"https:\/\/dev.yolinae.com\/centre-daide\/\",\"name\":\"Centre d\u2019aide - Y\u00f6li Na\u00e9\",\"isPartOf\":{\"@id\":\"https:\/\/dev.yolinae.com\/#website\"},\"datePublished\":\"2024-01-11T20:11:43+00:00\",\"dateModified\":\"2024-01-31T14:20:58+00:00\",\"description\":\"Le premier bureau de presse digital d\u00e9di\u00e9 aux professionnels de la mode enfantine\",\"breadcrumb\":{\"@id\":\"https:\/\/dev.yolinae.com\/centre-daide\/#breadcrumb\"},\"inLanguage\":\"fr-FR\",\"potentialAction\":[{\"@type\":\"ReadAction\",\"target\":[\"https:\/\/dev.yolinae.com\/centre-daide\/\"]}]},{\"@type\":\"BreadcrumbList\",\"@id\":\"https:\/\/dev.yolinae.com\/centre-daide\/#breadcrumb\",\"itemListElement\":[{\"@type\":\"ListItem\",\"position\":1,\"name\":\"Home\",\"item\":\"https:\/\/dev.yolinae.com\/\"},{\"@type\":\"ListItem\",\"position\":2,\"name\":\"Centre d\u2019aide\"}]},{\"@type\":\"WebSite\",\"@id\":\"https:\/\/dev.yolinae.com\/#website\",\"url\":\"https:\/\/dev.yolinae.com\/\",\"name\":\"Y\u00f6li Na\u00e9\",\"description\":\"La 1\u00e8re plateforme b2b de showroom digital des bureaux de presse \",\"publisher\":{\"@id\":\"https:\/\/dev.yolinae.com\/#organization\"},\"potentialAction\":[{\"@type\":\"SearchAction\",\"target\":{\"@type\":\"EntryPoint\",\"urlTemplate\":\"https:\/\/dev.yolinae.com\/?s={search_term_string}\"},\"query-input\":\"required name=search_term_string\"}],\"inLanguage\":\"fr-FR\"},{\"@type\":\"Organization\",\"@id\":\"https:\/\/dev.yolinae.com\/#organization\",\"name\":\"Y\u00f6li Na\u00e9\",\"url\":\"https:\/\/dev.yolinae.com\/\",\"logo\":{\"@type\":\"ImageObject\",\"inLanguage\":\"fr-FR\",\"@id\":\"https:\/\/dev.yolinae.com\/#\/schema\/logo\/image\/\",\"url\":\"https:\/\/dev.yolinae.com\/wp-content\/uploads\/2019\/08\/YN_Logos_Blanc.svg\",\"contentUrl\":\"https:\/\/dev.yolinae.com\/wp-content\/uploads\/2019\/08\/YN_Logos_Blanc.svg\",\"width\":238,\"height\":91,\"caption\":\"Y\u00f6li Na\u00e9\"},\"image\":{\"@id\":\"https:\/\/dev.yolinae.com\/#\/schema\/logo\/image\/\"}}]}<\/script>\n<!-- \/ Yoast SEO plugin. -->","yoast_head_json":{"title":"Centre d\u2019aide - Y\u00f6li Na\u00e9","description":"Le premier bureau de presse digital d\u00e9di\u00e9 aux professionnels de la mode enfantine","robots":{"index":"index","follow":"follow","max-snippet":"max-snippet:-1","max-image-preview":"max-image-preview:large","max-video-preview":"max-video-preview:-1"},"canonical":"https:\/\/dev.yolinae.com\/fr\/centre-daide\/","og_locale":"fr_FR","og_type":"article","og_title":"Centre d\u2019aide - Y\u00f6li Na\u00e9","og_description":"Le premier bureau de presse digital d\u00e9di\u00e9 aux professionnels de la mode enfantine","og_url":"https:\/\/dev.yolinae.com\/fr\/centre-daide\/","og_site_name":"Y\u00f6li Na\u00e9","article_modified_time":"2024-01-31T14:20:58+00:00","twitter_card":"summary_large_image","twitter_misc":{"Dur\u00e9e de lecture estim\u00e9e":"1 minute"},"schema":{"@context":"https:\/\/schema.org","@graph":[{"@type":"WebPage","@id":"https:\/\/dev.yolinae.com\/centre-daide\/","url":"https:\/\/dev.yolinae.com\/centre-daide\/","name":"Centre d\u2019aide - Y\u00f6li Na\u00e9","isPartOf":{"@id":"https:\/\/dev.yolinae.com\/#website"},"datePublished":"2024-01-11T20:11:43+00:00","dateModified":"2024-01-31T14:20:58+00:00","description":"Le premier bureau de presse digital d\u00e9di\u00e9 aux professionnels de la mode enfantine","breadcrumb":{"@id":"https:\/\/dev.yolinae.com\/centre-daide\/#breadcrumb"},"inLanguage":"fr-FR","potentialAction":[{"@type":"ReadAction","target":["https:\/\/dev.yolinae.com\/centre-daide\/"]}]},{"@type":"BreadcrumbList","@id":"https:\/\/dev.yolinae.com\/centre-daide\/#breadcrumb","itemListElement":[{"@type":"ListItem","position":1,"name":"Home","item":"https:\/\/dev.yolinae.com\/"},{"@type":"ListItem","position":2,"name":"Centre d\u2019aide"}]},{"@type":"WebSite","@id":"https:\/\/dev.yolinae.com\/#website","url":"https:\/\/dev.yolinae.com\/","name":"Y\u00f6li Na\u00e9","description":"La 1\u00e8re plateforme b2b de showroom digital des bureaux de presse ","publisher":{"@id":"https:\/\/dev.yolinae.com\/#organization"},"potentialAction":[{"@type":"SearchAction","target":{"@type":"EntryPoint","urlTemplate":"https:\/\/dev.yolinae.com\/?s={search_term_string}"},"query-input":"required name=search_term_string"}],"inLanguage":"fr-FR"},{"@type":"Organization","@id":"https:\/\/dev.yolinae.com\/#organization","name":"Y\u00f6li Na\u00e9","url":"https:\/\/dev.yolinae.com\/","logo":{"@type":"ImageObject","inLanguage":"fr-FR","@id":"https:\/\/dev.yolinae.com\/#\/schema\/logo\/image\/","url":"https:\/\/dev.yolinae.com\/wp-content\/uploads\/2019\/08\/YN_Logos_Blanc.svg","contentUrl":"https:\/\/dev.yolinae.com\/wp-content\/uploads\/2019\/08\/YN_Logos_Blanc.svg","width":238,"height":91,"caption":"Y\u00f6li Na\u00e9"},"image":{"@id":"https:\/\/dev.yolinae.com\/#\/schema\/logo\/image\/"}}]}},"_links":{"self":[{"href":"https:\/\/dev.yolinae.com\/fr\/wp-json\/wp\/v2\/pages\/35555"}],"collection":[{"href":"https:\/\/dev.yolinae.com\/fr\/wp-json\/wp\/v2\/pages"}],"about":[{"href":"https:\/\/dev.yolinae.com\/fr\/wp-json\/wp\/v2\/types\/page"}],"author":[{"embeddable":true,"href":"https:\/\/dev.yolinae.com\/fr\/wp-json\/wp\/v2\/users\/62"}],"replies":[{"embeddable":true,"href":"https:\/\/dev.yolinae.com\/fr\/wp-json\/wp\/v2\/comments?post=35555"}],"version-history":[{"count":10,"href":"https:\/\/dev.yolinae.com\/fr\/wp-json\/wp\/v2\/pages\/35555\/revisions"}],"predecessor-version":[{"id":35692,"href":"https:\/\/dev.yolinae.com\/fr\/wp-json\/wp\/v2\/pages\/35555\/revisions\/35692"}],"wp:attachment":[{"href":"https:\/\/dev.yolinae.com\/fr\/wp-json\/wp\/v2\/media?parent=35555"}],"curies":[{"name":"wp","href":"https:\/\/api.w.org\/{rel}","templated":true}]}}